{"id":745,"date":"2025-08-18T12:37:03","date_gmt":"2025-08-18T10:37:03","guid":{"rendered":"https:\/\/viswijf.com\/tricoter-avec-coeur-et-histoire-bienvenue-chez-viswijf\/"},"modified":"2025-09-15T14:37:36","modified_gmt":"2025-09-15T12:37:36","slug":"tricoter-avec-coeur-et-histoire-bienvenue-chez-viswijf","status":"publish","type":"page","link":"https:\/\/viswijf.com\/fr\/tricoter-avec-coeur-et-histoire-bienvenue-chez-viswijf\/","title":{"rendered":"Tricoter avec c\u0153ur et histoire. Bienvenue chez Viswijf."},"content":{"rendered":"\n<figure class=\"wp-block-image size-large\"><img loading=\"lazy\" decoding=\"async\" width=\"1024\" height=\"1024\" src=\"https:\/\/viswijf.com\/wp-content\/uploads\/2025\/08\/Portret-Isabelle-1024x1024.jpg\" alt=\"Une femme aux cheveux boucl&#xE9;s, v&#xEA;tue d'une robe verte, se tient sur un escalier dans un environnement moderne et sourit &#xE0; la cam&#xE9;ra. Elle porte un sac noir et tient un livre.\" class=\"wp-image-49\" srcset=\"https:\/\/viswijf.com\/wp-content\/uploads\/2025\/08\/Portret-Isabelle-1024x1024.jpg 1024w, https:\/\/viswijf.com\/wp-content\/uploads\/2025\/08\/Portret-Isabelle-300x300.jpg 300w, https:\/\/viswijf.com\/wp-content\/uploads\/2025\/08\/Portret-Isabelle-150x150.jpg?crop=1 150w, https:\/\/viswijf.com\/wp-content\/uploads\/2025\/08\/Portret-Isabelle-768x768.jpg 768w, https:\/\/viswijf.com\/wp-content\/uploads\/2025\/08\/Portret-Isabelle-450x450.jpg?crop=1 450w, https:\/\/viswijf.com\/wp-content\/uploads\/2025\/08\/Portret-Isabelle-600x600.jpg?crop=1 600w, https:\/\/viswijf.com\/wp-content\/uploads\/2025\/08\/Portret-Isabelle-100x100.jpg?crop=1 100w, https:\/\/viswijf.com\/wp-content\/uploads\/2025\/08\/Portret-Isabelle.jpg 1200w\" sizes=\"auto, (max-width: 1024px) 100vw, 1024px\" \/><\/figure>\n\n<div class=\"wp-block-group has-border-color has-global-padding is-layout-constrained wp-container-core-group-is-layout-417408d9 wp-block-group-is-layout-constrained\" style=\"border-color:#7da29d;border-width:17px;border-radius:20px;margin-top:var(--wp--preset--spacing--40);margin-bottom:var(--wp--preset--spacing--40);padding-top:0;padding-bottom:0\">\n<div class=\"wp-block-group has-global-padding is-layout-constrained wp-container-core-group-is-layout-0358ffa0 wp-block-group-is-layout-constrained\" style=\"padding-top:var(--wp--preset--spacing--40);padding-right:var(--wp--preset--spacing--40);padding-bottom:var(--wp--preset--spacing--40);padding-left:var(--wp--preset--spacing--40)\">\n<p class=\"wp-block-paragraph\">Bienvenue !<br\/><br\/>Je suis Isabelle. Tricoteuse, cr\u00e9atrice de patrons, conteuse et poissonni\u00e8re un peu d\u00e9cal\u00e9e.<\/p>\n\n\n\n<p class=\"wp-block-paragraph\">Chez <strong>Viswijf<\/strong>, ce n&rsquo;est pas seulement ce que tu cr\u00e9es qui compte, mais ce que tu portes en toi. Chaque pull que je con\u00e7ois commence par un souvenir, un d\u00e9sir, une \u00e9motion qui continue de r\u00e9sonner.<\/p>\n\n\n\n<p class=\"wp-block-paragraph\"><strong>Viswijf<\/strong> est un endroit o\u00f9 le tricot et la vie s&rsquo;entrem\u00ealent. O\u00f9 l&rsquo;amour compte les mailles, la col\u00e8re s&rsquo;adoucit, la tristesse devient laine et l&rsquo;amour de soi se d\u00e9ploie doucement comme un pull qui s&rsquo;ajuste enfin.<\/p>\n\n\n\n<p class=\"wp-block-paragraph\">Je crois qu&rsquo;un pull peut \u00eatre plus qu&rsquo;un simple v\u00eatement. Parfois c&rsquo;est une armure. Parfois une \u00e9treinte. Et parfois simplement une d\u00e9licieuse \u00e9chappatoire ludique au quotidien. Je tricote avec de la laine, mais aussi avec mon c\u0153ur.<\/p>\n\n\n\n<p class=\"wp-block-paragraph\"><strong>Viswijf<\/strong> est mon ode \u00e0 la lenteur, \u00e0 la connexion et au courage. Car pourquoi ne pourrions-nous pas \u00eatre simplement nous-m\u00eames \u2013 avec nos bords effiloch\u00e9s, notre chaleur, notre humour et un brin de th\u00e9\u00e2tralit\u00e9 ?<\/p>\n\n\n\n<p class=\"wp-block-paragraph\">Bienvenue dans mon monde. Installe-toi, prends tes aiguilles et raconte-moi ton histoire, car chez Viswijf tu peux \u00eatre toi-m\u00eame : joyeuse, ludique, douce et imparfaite. Ici, tu tricotes pour toi-m\u00eame, tu poses une pierre pour toi et tu entrem\u00eales ton histoire \u00e0 la mienne.<br\/><br\/>Isabelle<\/p>\n<\/div>\n<\/div>\n\n<figure class=\"wp-block-image aligncenter size-full is-resized\" style=\"margin-top:var(--wp--preset--spacing--60);margin-bottom:var(--wp--preset--spacing--60)\"><img loading=\"lazy\" decoding=\"async\" width=\"1438\" height=\"456\" src=\"https:\/\/viswijf.com\/wp-content\/uploads\/2025\/09\/Schermafbeelding-2025-09-01-om-11.07.36.png\" alt=\"Trois poissons stylis&#xE9;s de diff&#xE9;rentes tailles, avec des points distinctifs sur leur corps, dans un style illustratif simple et moderne.\" class=\"wp-image-472\" style=\"aspect-ratio:3.1536653779091806;width:274px;height:auto\" srcset=\"https:\/\/viswijf.com\/wp-content\/uploads\/2025\/09\/Schermafbeelding-2025-09-01-om-11.07.36.png 1438w, https:\/\/viswijf.com\/wp-content\/uploads\/2025\/09\/Schermafbeelding-2025-09-01-om-11.07.36-300x95.png 300w, https:\/\/viswijf.com\/wp-content\/uploads\/2025\/09\/Schermafbeelding-2025-09-01-om-11.07.36-1024x325.png 1024w, https:\/\/viswijf.com\/wp-content\/uploads\/2025\/09\/Schermafbeelding-2025-09-01-om-11.07.36-768x244.png 768w, https:\/\/viswijf.com\/wp-content\/uploads\/2025\/09\/Schermafbeelding-2025-09-01-om-11.07.36-1200x381.png 1200w, https:\/\/viswijf.com\/wp-content\/uploads\/2025\/09\/Schermafbeelding-2025-09-01-om-11.07.36-1320x419.png 1320w, https:\/\/viswijf.com\/wp-content\/uploads\/2025\/09\/Schermafbeelding-2025-09-01-om-11.07.36-600x190.png 600w\" sizes=\"auto, (max-width: 1438px) 100vw, 1438px\" \/><\/figure>\n","protected":false},"excerpt":{"rendered":"<p>Bienvenue ! Je suis Isabelle. Tricoteuse, cr\u00e9atrice de patrons, conteuse et poissonni\u00e8re un peu d\u00e9cal\u00e9e. Chez Viswijf, ce n&rsquo;est pas seulement ce que tu cr\u00e9es qui compte, mais ce que tu portes en toi. Chaque pull que je con\u00e7ois commence par un souvenir, un d\u00e9sir, une \u00e9motion qui continue de r\u00e9sonner. Viswijf est un endroit [&hellip;]<\/p>\n","protected":false},"author":270186349,"featured_media":0,"parent":0,"menu_order":0,"comment_status":"closed","ping_status":"open","template":"","meta":{"_crdt_document":"","advanced_seo_description":"","jetpack_seo_html_title":"","jetpack_seo_noindex":false,"footnotes":""},"class_list":["post-745","page","type-page","status-publish","hentry"],"jetpack_sharing_enabled":true,"jetpack_likes_enabled":true,"jetpack_shortlink":"https:\/\/wp.me\/PgKvpN-c1","_links":{"self":[{"href":"https:\/\/viswijf.com\/fr\/wp-json\/wp\/v2\/pages\/745","targetHints":{"allow":["GET"]}}],"collection":[{"href":"https:\/\/viswijf.com\/fr\/wp-json\/wp\/v2\/pages"}],"about":[{"href":"https:\/\/viswijf.com\/fr\/wp-json\/wp\/v2\/types\/page"}],"author":[{"embeddable":true,"href":"https:\/\/viswijf.com\/fr\/wp-json\/wp\/v2\/users\/270186349"}],"replies":[{"embeddable":true,"href":"https:\/\/viswijf.com\/fr\/wp-json\/wp\/v2\/comments?post=745"}],"version-history":[{"count":6,"href":"https:\/\/viswijf.com\/fr\/wp-json\/wp\/v2\/pages\/745\/revisions"}],"predecessor-version":[{"id":1096,"href":"https:\/\/viswijf.com\/fr\/wp-json\/wp\/v2\/pages\/745\/revisions\/1096"}],"wp:attachment":[{"href":"https:\/\/viswijf.com\/fr\/wp-json\/wp\/v2\/media?parent=745"}],"curies":[{"name":"wp","href":"https:\/\/api.w.org\/{rel}","templated":true}]}}