{"id":1242,"date":"2025-09-01T11:24:50","date_gmt":"2025-09-01T09:24:50","guid":{"rendered":"https:\/\/viswijf.com\/politique-de-confidentialite-et-de-cookies\/"},"modified":"2025-09-16T09:57:09","modified_gmt":"2025-09-16T07:57:09","slug":"politique-de-confidentialite-et-de-cookies","status":"publish","type":"page","link":"https:\/\/viswijf.com\/fr\/politique-de-confidentialite-et-de-cookies\/","title":{"rendered":"Politique de confidentialit\u00e9 et de cookies"},"content":{"rendered":"\n<p class=\"wp-block-paragraph\">Cette \u00ab Politique de confidentialit\u00e9 et de cookies \u00bb r\u00e9git le traitement de vos donn\u00e9es personnelles par le responsable du traitement : La famille Victor gcv, Victor Braeckmanlaan 130, 9040 Sint-Amandsberg, BE0835.245.620 (ci-apr\u00e8s : \u00ab La famille Victor \u00bb).<br\/><br\/>Veuillez lire attentivement cette Politique de confidentialit\u00e9 et de cookies, car elle contient des informations essentielles sur le traitement de vos donn\u00e9es personnelles et l&rsquo;utilisation des cookies. En fournissant vos donn\u00e9es personnelles sur <a href=\"http:\/\/www.viswijf.com\" rel=\"nofollow\">http:\/\/www.viswijf.com<\/a> et via les adresses e-mail de notre site, vous d\u00e9clarez avoir pris connaissance de cette Politique de confidentialit\u00e9. Vous acceptez express\u00e9ment celle-ci ainsi que le traitement de vos donn\u00e9es personnelles.  <br\/><br\/><strong>Article 1 \u2013 G\u00e9n\u00e9ralit\u00e9s<\/strong><\/p>\n\n<ol class=\"wp-block-list\">\n<li>\n<ol class=\"wp-block-list\">\n<li>La famille Victor respecte la \u00ab Loi du 8 d\u00e9cembre 1992 relative \u00e0 la protection de la vie priv\u00e9e \u00e0 l&rsquo;\u00e9gard des traitements de donn\u00e9es \u00e0 caract\u00e8re personnel \u00bb, telle que modifi\u00e9e par la Loi du 11 d\u00e9cembre 1998 ainsi que les dispositions anti-spam du Livre XII du Code de droit \u00e9conomique relatives au \u00ab droit de l&rsquo;\u00e9conomie \u00e9lectronique \u00bb.<\/li>\n<\/ol>\n<\/li>\n<\/ol>\n\n<ol class=\"wp-block-list\">\n<li>\n<ol start=\"2\" class=\"wp-block-list\">\n<li>La famille Victor se met \u00e9galement en conformit\u00e9, par la pr\u00e9sente Politique de confidentialit\u00e9, avec le R\u00e8glement europ\u00e9en 2016\/679 du 27 avril 2016 relatif \u00e0 la protection des donn\u00e9es personnelles.<\/li>\n<\/ol>\n<\/li>\n<\/ol>\n\n<ol class=\"wp-block-list\">\n<li>\n<ol start=\"3\" class=\"wp-block-list\">\n<li>Le responsable du traitement de vos donn\u00e9es personnelles est La famille Victor. Une d\u00e9claration a \u00e9t\u00e9 faite aupr\u00e8s de la Commission de la protection de la vie priv\u00e9e concernant le traitement de vos donn\u00e9es personnelles. <\/li>\n<\/ol>\n<\/li>\n<\/ol>\n\n<p class=\"wp-block-paragraph\"><br\/><br\/><strong>Article 2 \u2013 Donn\u00e9es personnelles<\/strong><br\/><br\/>2.1. Donn\u00e9es personnelles que vous nous communiquez :<\/p>\n\n<ul class=\"wp-block-list\">\n<li><strong>Cat\u00e9gorie 1,<\/strong> sans inscription : votre adresse IP ;<\/li>\n\n\n\n<li><strong>Cat\u00e9gorie 2<\/strong> : ton nom d&rsquo;utilisateur, mot de passe, adresse e-mail, donn\u00e9es de connexion<\/li>\n\n\n\n<li><strong>Cat\u00e9gorie 3<\/strong> : lors de l&rsquo;inscription \u00e0 notre newsletter : ton adresse e-mail ;<\/li>\n\n\n\n<li><strong>Cat\u00e9gorie 4<\/strong> : via les cookies : <em>Session ID<\/em> et <em>wordfence_verifiedHuman<\/em> ;<\/li>\n\n\n\n<li><strong>Cat\u00e9gorie 5<\/strong> : tes coordonn\u00e9es lors d&rsquo;une commande.<\/li>\n<\/ul>\n\n<p class=\"wp-block-paragraph\"><br\/>2.2. Fibre Mood peut collecter vos donn\u00e9es personnelles de diff\u00e9rentes mani\u00e8res :<br\/><br\/>a. par l&rsquo;utilisation de cookies (voir ci-dessous) ;<br\/>b. lors de votre inscription et utilisation du Site Web ; <br\/><br\/>2.3. Le Site Web utilise \u00e9galement des cookies qui collectent certaines donn\u00e9es personnelles. Pour les dispositions concernant l&rsquo;utilisation des cookies, voir l&rsquo;article 9. <br\/><br\/><br\/><strong>Article 3 \u2013 Finalit\u00e9s du traitement<\/strong><br\/><br\/>3.1. Finalit\u00e9s g\u00e9n\u00e9rales :<br\/><br\/> La famille Victor utilisera les Donn\u00e9es personnelles collect\u00e9es uniquement aux fins suivantes :<\/p>\n\n<ul class=\"wp-block-list\">\n<li><strong>Cat\u00e9gorie 1<\/strong> : la gestion et l&rsquo;am\u00e9lioration de ce Site Web et l&rsquo;inclusion des Donn\u00e9es personnelles dans des statistiques anonymes, ne permettant pas d&rsquo;identifier des personnes ou entreprises sp\u00e9cifiques, avec comme base juridique les int\u00e9r\u00eats l\u00e9gitimes de La famille Victor d&rsquo;am\u00e9liorer continuellement son Site Web et ses services ;<\/li>\n<\/ul>\n\n<ul class=\"wp-block-list\">\n<li><strong>Cat\u00e9gorie 2<\/strong> : la gestion de ton compte sur ce Site Web en vue de l&rsquo;utilisation de notre Entreprise et site web, avec comme base juridique l&rsquo;ex\u00e9cution d&rsquo;un contrat que tu as demand\u00e9, et, si tu l&rsquo;as indiqu\u00e9, \u00e9galement l&rsquo;envoi de marketing direct, avec comme base juridique ton consentement explicite et pr\u00e9alable ;<\/li>\n<\/ul>\n\n<ul class=\"wp-block-list\">\n<li><strong>Cat\u00e9gorie 3 :<\/strong> l&rsquo;envoi de marketing direct, newsletters, actions et promotions, avec comme base juridique ton consentement explicite et pr\u00e9alable ;<\/li>\n<\/ul>\n\n<ul class=\"wp-block-list\">\n<li><strong>Cat\u00e9gorie 4 :<\/strong> (finalit\u00e9s des cookies), avec comme base juridique ton consentement explicite et pr\u00e9alable ;<\/li>\n<\/ul>\n\n<ul class=\"wp-block-list\">\n<li><strong>Cat\u00e9gorie 5<\/strong> : la livraison et la facturation des produits que tu as command\u00e9s, avec comme base juridique la fourniture d&rsquo;un service que tu as demand\u00e9.<\/li>\n<\/ul>\n\n<p class=\"wp-block-paragraph\"><br\/>Tu n&rsquo;es pas oblig\u00e9 de nous communiquer tes Donn\u00e9es personnelles, mais tu comprends que la fourniture de certains services devient impossible si tu refuses le traitement.<br\/><br\/>3.2. Marketing direct :<br\/><br\/>Les donn\u00e9es personnelles seront \u00e9galement utilis\u00e9es pour le marketing direct, \u00e0 condition que tu aies donn\u00e9 une autorisation explicite suppl\u00e9mentaire \u00e0 cet effet (\u00ab opt-in \u00bb).<br\/><br\/>Si tu es d\u00e9j\u00e0 inclus dans notre liste de diffusion pour recevoir du mat\u00e9riel marketing sous forme \u00e9lectronique, La famille Victor peut utiliser tes donn\u00e9es pour l&rsquo;envoi de marketing et autre mat\u00e9riel concernant La famille Victor, ses produits et\/ou services. La famille Victor peut utiliser les donn\u00e9es que tu as fournies pour mettre \u00e0 jour les documents conserv\u00e9s par La famille Victor. <br\/><br\/>Ce consentement peut \u00eatre retir\u00e9 \u00e0 tout moment, sans justification et gratuitement en cliquant par exemple sur le lien de d\u00e9sabonnement pr\u00e9vu \u00e0 cet effet au bas de chaque e-mail promotionnel.<br\/><br\/>3.3. Transfert \u00e0 des tiers :<br\/><br\/> En cas de r\u00e9organisation compl\u00e8te ou partielle ou de transfert d&rsquo;activit\u00e9s de La famille Victor, o\u00f9 elle r\u00e9organise, transf\u00e8re, cesse ses activit\u00e9s ou si La famille Victor fait faillite, cela peut signifier que tes donn\u00e9es sont transf\u00e9r\u00e9es \u00e0 de nouvelles entit\u00e9s ou \u00e0 des tiers par l&rsquo;interm\u00e9diaire desquels les activit\u00e9s commerciales de La famille Victor sont exerc\u00e9es en tout ou en partie.<br\/><br\/> La famille Victor s&rsquo;efforcera raisonnablement de t&rsquo;informer au pr\u00e9alable du fait que La famille Victor divulgue tes donn\u00e9es audit tiers, mais tu reconnais \u00e9galement que cela n&rsquo;est pas techniquement ou commercialement r\u00e9alisable dans toutes les circonstances.<br\/><br\/> La famille Victor ne vendra pas, ne louera pas, ne distribuera pas ni ne mettra autrement commercialement \u00e0 disposition tes Donn\u00e9es personnelles \u00e0 des tiers, sauf comme d\u00e9crit ci-dessus ou avec ton consentement pr\u00e9alable.<br\/><br\/>3.4. Exigences l\u00e9gales :<br\/><br\/> Dans des cas rares, La famille Victor peut \u00eatre contrainte de divulguer tes Donn\u00e9es personnelles suite \u00e0 une d\u00e9cision judiciaire ou pour se conformer \u00e0 d&rsquo;autres lois ou r\u00e9glementations contraignantes. La famille Victor s&rsquo;efforcera raisonnablement de t&rsquo;en informer au pr\u00e9alable, sauf si cela est soumis \u00e0 des restrictions l\u00e9gales. <br\/><br\/><strong>Article 4 \u2013 Dur\u00e9e du traitement<\/strong><br\/><br\/> Les donn\u00e9es personnelles sont conserv\u00e9es et trait\u00e9es par nos soins pour une p\u00e9riode n\u00e9cessaire en fonction des finalit\u00e9s du traitement et de la relation contractuelle entre La famille Victor et toi. S&rsquo;il n&rsquo;y a plus de communication apr\u00e8s 3 ans, ton profil client sera supprim\u00e9.<br\/><br\/><strong>Article 5 \u2013 Tes droits<\/strong><br\/><br\/>5.1. Droit d&rsquo;acc\u00e8s et de consultation :<br\/><br\/> Tu as le droit de prendre connaissance gratuitement \u00e0 tout moment de tes donn\u00e9es personnelles, ainsi que de l&rsquo;utilisation que nous faisons de tes donn\u00e9es personnelles.<br\/><br\/>5.2. Droit de rectification, de suppression et de limitation :<br\/><br\/> Tu es libre de communiquer ou non tes donn\u00e9es personnelles \u00e0 La famille Victor. En outre, tu as toujours le droit de nous demander de rectifier, compl\u00e9ter ou supprimer tes donn\u00e9es personnelles. Tu reconnais qu&rsquo;en cas de refus de communication ou de demande de suppression de donn\u00e9es personnelles, certains services et produits ne sont pas livrables.  <br\/><br\/> Tu peux \u00e9galement demander de limiter le traitement de tes Donn\u00e9es personnelles.<br\/><br\/>5.3. Droit d&rsquo;opposition :<br\/><br\/> Tu disposes \u00e9galement d&rsquo;un droit d&rsquo;opposition au traitement de tes donn\u00e9es personnelles pour des motifs s\u00e9rieux et l\u00e9gitimes.<br\/><br\/>En outre, tu as toujours le droit de t&rsquo;opposer \u00e0 l&rsquo;utilisation de donn\u00e9es personnelles \u00e0 des fins de marketing direct ; dans ce cas, tu ne dois pas fournir de motifs.<br\/><br\/>5.4. Droit de libre transfert des donn\u00e9es :<br\/><br\/> Tu disposes du droit d&rsquo;obtenir tes Donn\u00e9es personnelles que nous traitons sous une forme structur\u00e9e, courante et lisible par machine et\/ou de les transf\u00e9rer \u00e0 d&rsquo;autres responsables.<br\/><br\/>5.5. Droit de retrait du consentement :<br\/><br\/> Dans la mesure o\u00f9 le traitement est bas\u00e9 sur ton consentement pr\u00e9alable, tu disposes du droit de retirer ce consentement.<br\/><br\/>5.6. Exercice de tes droits :<br\/><br\/>Tu peux exercer tes droits en nous contactant, soit par e-mail \u00e0 <a href=\"mailto:info@viswijf.be\">info@viswijf.be<\/a>, soit par courrier \u00e0 <em>La famille Victor, Victor Braeckmanlaan 130, 9040 Gent<\/em>, en joignant une copie de ta carte d&rsquo;identit\u00e9.<br\/><br\/>5.7. D\u00e9cisions automatis\u00e9es et profilage :<br\/>                        <br\/> Le traitement de tes Donn\u00e9es personnelles n&rsquo;inclut pas de profilage et tu ne seras pas non plus soumis par nous \u00e0 des d\u00e9cisions automatis\u00e9es.<br\/><br\/>5.8. Droit d&rsquo;introduire une plainte :<br\/><br\/> Tu disposes du droit d&rsquo;introduire une plainte aupr\u00e8s de la Commission belge de la protection de la vie priv\u00e9e : Commission de la protection de la vie priv\u00e9e, Rue de la Presse 35, 1000 Bruxelles, T\u00e9l +32 (0)2 274 48 00, Fax +32 (0)2 274 48 35, e-mail : <a href=\"mailto:commission@privacycommission.be\">commission@privacycommission.be<\/a>.<br\/><br\/>Ceci ne porte pas pr\u00e9judice \u00e0 un recours devant un tribunal civil.<br\/><br\/> Si tu devais subir un pr\u00e9judice caus\u00e9 par le traitement de tes donn\u00e9es personnelles, tu peux introduire une action en dommages et int\u00e9r\u00eats.<br\/><br\/><strong>Article 6 \u2013 S\u00e9curit\u00e9 et confidentialit\u00e9<\/strong><br\/><br\/>6.1. Nous avons d\u00e9velopp\u00e9 des mesures de s\u00e9curit\u00e9 adapt\u00e9es sur le plan technique et organisationnel afin d&rsquo;\u00e9viter la destruction, la perte, la falsification, la modification, l&rsquo;acc\u00e8s non autoris\u00e9 ou la notification par erreur \u00e0 des tiers des donn\u00e9es personnelles collect\u00e9es ainsi que tout autre traitement non autoris\u00e9 de ces donn\u00e9es.<br\/><br\/>6.2. En aucun cas, La famille Victor ne peut \u00eatre tenue responsable de tout dommage direct ou indirect r\u00e9sultant d&rsquo;une utilisation incorrecte ou illicite des donn\u00e9es personnelles par un tiers.<br\/><br\/>6.3. Tu dois \u00e0 tout moment respecter les consignes de s\u00e9curit\u00e9, notamment en emp\u00eachant tout acc\u00e8s non autoris\u00e9 \u00e0 ton login et code. Tu es donc seul responsable de l&rsquo;utilisation qui est faite \u00e0 partir du Site Web de ton ordinateur, de ton adresse IP et de tes donn\u00e9es d&rsquo;identification, ainsi que de leur confidentialit\u00e9. <br\/><br\/><br\/><strong>Article 7 \u2013 Acc\u00e8s par des tiers<\/strong><\/p>\n\n<ol class=\"wp-block-list\">\n<li>\n<ol class=\"wp-block-list\">\n<li>Afin de traiter tes donn\u00e9es personnelles, nous donnons acc\u00e8s \u00e0 tes donn\u00e9es personnelles \u00e0 nos employ\u00e9s.<\/li>\n<\/ol>\n<\/li>\n<\/ol>\n\n<ol class=\"wp-block-list\">\n<li>\n<ol start=\"2\" class=\"wp-block-list\">\n<li>Nous garantissons un niveau de protection similaire en rendant opposables les obligations contractuelles \u00e0 ces employ\u00e9s et pr\u00e9pos\u00e9s, similaires \u00e0 cette Politique de confidentialit\u00e9.<\/li>\n<\/ol>\n<\/li>\n<\/ol>\n\n<p class=\"wp-block-paragraph\"><br\/><strong>Article 8 \u2013 D\u00e9claration Commission vie priv\u00e9e<\/strong><br\/><br\/>Pour ce traitement de donn\u00e9es personnelles, une d\u00e9claration a \u00e9t\u00e9 faite aupr\u00e8s de la Commission de la protection de la vie priv\u00e9e. Tu peux toujours contacter cette Commission aux adresses suivantes : <br\/><br\/>Commission de la protection de la vie priv\u00e9e<br\/>Rue de la Presse 35<br\/>1000 Bruxelles<br\/> +32 (0)2 274 48 00<br\/> +32 (0)2 274 48 35<br\/> commission@privacycommission.be<br\/><br\/><strong>Article 9 \u2013 Cookies<\/strong><br\/><br\/>9.1. Que sont les cookies ?<br\/><br\/>Un \u00ab cookie \u00bb est un petit fichier envoy\u00e9 par le serveur de La famille Victor et plac\u00e9 sur le disque dur de ton ordinateur. Les informations stock\u00e9es sur ces cookies ne peuvent \u00eatre lues que par nous et uniquement pendant la dur\u00e9e de la visite du Site Web. <br\/><br\/>9.2. Pourquoi utilisons-nous des cookies ?<br\/><br\/>Notre Site Web utilise des cookies et des technologies similaires pour distinguer tes pr\u00e9f\u00e9rences d&rsquo;utilisation de celles des autres utilisateurs de notre Site Web. Cela nous aide \u00e0 te fournir une meilleure exp\u00e9rience utilisateur lorsque tu visites notre Site Web et nous permet \u00e9galement d&rsquo;optimiser notre Site Web. <br\/><br\/>Suite \u00e0 de r\u00e9centes modifications l\u00e9gislatives, tous les Sites Web ciblant certaines parties de l&rsquo;Union europ\u00e9enne sont tenus de demander ton consentement pour l&rsquo;utilisation ou le stockage de cookies et technologies similaires sur tes ordinateurs ou appareils mobiles. Cette politique de cookies te donne des informations claires et compl\u00e8tes sur les cookies que nous utilisons et leur finalit\u00e9. <br\/><br\/>9.3. Types de cookies :<br\/><br\/>Bien qu&rsquo;il existe diff\u00e9rents types de cookies, se distinguant par leur fonctionnalit\u00e9, leur origine ou leur dur\u00e9e de conservation, la l\u00e9gislation fait principalement une distinction entre les cookies fonctionnels ou techniquement n\u00e9cessaires d&rsquo;une part et tous les autres cookies d&rsquo;autre part.<br\/><br\/>Le Site Web utilise exclusivement les cookies suivants :<br\/><br\/><strong><em>Cookies fonctionnels<\/em><\/strong><\/p>\n\n<figure class=\"wp-block-table\"><table class=\"has-fixed-layout\"><tbody><tr><td><strong>Nom<\/strong><\/td><td><strong>Origine<\/strong><\/td><td><strong>Fonction<\/strong><\/td><td><strong>Dur\u00e9e de conservation<\/strong><\/td><\/tr><tr><td><em>wordfence_verifiedHuman<\/em><\/td><td><em>WordPress<\/em><\/td><td><em>Pour v\u00e9rifier si le visiteur est une personne et non un robot.<\/em><\/td><td><em>1 jour<\/em><\/td><\/tr><tr><td><em>_ga<\/em><\/td><td><em>Google analytics<\/em><\/td><td><em>Analyse des donn\u00e9es g\u00e9n\u00e9rales<\/em><\/td><td><em>2 ans<\/em><\/td><\/tr><\/tbody><\/table><\/figure>\n\n<p class=\"wp-block-paragraph\"><br\/><br\/><strong><em>Cookies non fonctionnels<\/em><\/strong><\/p>\n\n<figure class=\"wp-block-table\"><table class=\"has-fixed-layout\"><tbody><tr><td><strong>Nom<\/strong><\/td><td><strong>Origine<\/strong><\/td><td><strong>Fonction<\/strong><\/td><td><strong>Dur\u00e9e de conservation<\/strong><\/td><\/tr><tr><td><em>Emarketeer<\/em><\/td><td><em>App emarketeer<\/em><\/td><td><em>Suivi des visites sur notre site web<\/em><\/td><td><em>2 ans<\/em><\/td><\/tr><\/tbody><\/table><\/figure>\n\n<p class=\"wp-block-paragraph\"><br\/>Pour les cookies plac\u00e9s par des tiers (notamment Google Analytics), nous te renvoyons aux d\u00e9clarations que ces parties fournissent sur leurs sites web respectifs. Attention : nous n&rsquo;exer\u00e7ons aucune influence sur le contenu de ces d\u00e9clarations, ni sur le contenu des cookies de ces tiers : <a href=\"https:\/\/developers.google.com\/analytics\/resources\/concepts\/gaConceptsCookies\">cookies Google Analytics<\/a> <br\/><br\/>9.4. Ton consentement :<br\/><br\/>Lors de ta premi\u00e8re visite sur notre Site Web, il te sera demand\u00e9 d&rsquo;accepter nos diff\u00e9rents types de cookies. Tu peux autoriser ou refuser les cookies cat\u00e9gorie par cat\u00e9gorie. Tu peux \u00e0 tout moment modifier les param\u00e8tres des cookies pour notre Site Web via le lien hypertexte en bas de notre site web et ainsi retirer ton consentement.  <br\/><br\/>Tu peux refuser l&rsquo;installation de ces cookies en choisissant \u00ab Refuser les cookies \u00bb dans l&rsquo;\u00e9cran pop-up propos\u00e9 lors de ta premi\u00e8re utilisation du Site Web.<br\/><br\/>Tu peux \u00e9galement refuser ou bloquer les cookies en modifiant les param\u00e8tres de configuration de ton syst\u00e8me de navigation. La d\u00e9sactivation des cookies peut signifier que tu ne peux pas utiliser certaines fonctionnalit\u00e9s du Site Web. <br\/><br\/>Si tu as d&rsquo;autres questions ou commentaires concernant le traitement de tes donn\u00e9es personnelles, n&rsquo;h\u00e9site pas \u00e0 nous contacter, soit par e-mail \u00e0 info@viswijf.com, soit par courrier \u00e0 <em>La famille Victor, Victor Braeckmanlaan 130, 9040 Gent<\/em>.<br\/><br\/>Plus d&rsquo;informations sur les cookies sur : <a href=\"http:\/\/www.allaboutcookies.org\/\">http:\/\/www.allaboutcookies.org\/<\/a><br\/>Plus d&rsquo;informations sur la publicit\u00e9 comportementale en ligne et la confidentialit\u00e9 en ligne ici : <a href=\"http:\/\/www.youronlinechoices.eu\/\">http:\/\/www.youronlinechoices.eu\/<\/a><\/p>\n\n<p class=\"wp-block-paragraph\">Contacte-nous \u00e0 {email} pour toute question concernant les remboursements et les retours.<\/p>\n","protected":false},"excerpt":{"rendered":"<p>Cette \u00ab Politique de confidentialit\u00e9 et de cookies \u00bb r\u00e9git le traitement de vos donn\u00e9es personnelles par le responsable du traitement : La famille Victor gcv, Victor Braeckmanlaan 130, 9040 Sint-Amandsberg, BE0835.245.620 (ci-apr\u00e8s : \u00ab La famille Victor \u00bb). Veuillez lire attentivement cette Politique de confidentialit\u00e9 et de cookies, car elle contient des informations essentielles [&hellip;]<\/p>\n","protected":false},"author":1,"featured_media":0,"parent":0,"menu_order":0,"comment_status":"closed","ping_status":"closed","template":"","meta":{"_crdt_document":"","advanced_seo_description":"","jetpack_seo_html_title":"","jetpack_seo_noindex":false,"footnotes":""},"class_list":["post-1242","page","type-page","status-publish","hentry"],"jetpack_sharing_enabled":true,"jetpack_likes_enabled":true,"jetpack_shortlink":"https:\/\/wp.me\/PgKvpN-k2","_links":{"self":[{"href":"https:\/\/viswijf.com\/fr\/wp-json\/wp\/v2\/pages\/1242","targetHints":{"allow":["GET"]}}],"collection":[{"href":"https:\/\/viswijf.com\/fr\/wp-json\/wp\/v2\/pages"}],"about":[{"href":"https:\/\/viswijf.com\/fr\/wp-json\/wp\/v2\/types\/page"}],"author":[{"embeddable":true,"href":"https:\/\/viswijf.com\/fr\/wp-json\/wp\/v2\/users\/1"}],"replies":[{"embeddable":true,"href":"https:\/\/viswijf.com\/fr\/wp-json\/wp\/v2\/comments?post=1242"}],"version-history":[{"count":2,"href":"https:\/\/viswijf.com\/fr\/wp-json\/wp\/v2\/pages\/1242\/revisions"}],"predecessor-version":[{"id":1244,"href":"https:\/\/viswijf.com\/fr\/wp-json\/wp\/v2\/pages\/1242\/revisions\/1244"}],"wp:attachment":[{"href":"https:\/\/viswijf.com\/fr\/wp-json\/wp\/v2\/media?parent=1242"}],"curies":[{"name":"wp","href":"https:\/\/api.w.org\/{rel}","templated":true}]}}