{"id":1230,"date":"2025-09-01T14:11:56","date_gmt":"2025-09-01T12:11:56","guid":{"rendered":"https:\/\/viswijf.com\/conditions-generales\/"},"modified":"2025-09-16T09:56:33","modified_gmt":"2025-09-16T07:56:33","slug":"conditions-generales","status":"publish","type":"page","link":"https:\/\/viswijf.com\/fr\/conditions-generales\/","title":{"rendered":"Conditions G\u00e9n\u00e9rales"},"content":{"rendered":"\n<p class=\"wp-block-paragraph\"><strong>Conditions g\u00e9n\u00e9rales<\/strong><br\/><br\/><strong>ARTICLE 1 &#8211; D\u00c9FINITIONS<\/strong><br\/><br\/>Dans ces conditions, on entend par :<br\/><br\/><em>Contrat compl\u00e9mentaire<\/em> : un contrat par lequel le consommateur acquiert des produits, du contenu num\u00e9rique et\/ou des services en relation avec un contrat \u00e0 distance et ces produits, contenus num\u00e9riques et\/ou services sont fournis par le professionnel ou par un tiers sur la base d&rsquo;un accord entre ce tiers et le professionnel ;<br\/><br\/><em>D\u00e9lai de r\u00e9flexion :<\/em> le d\u00e9lai pendant lequel le consommateur peut exercer son droit de r\u00e9tractation ;<br\/><br\/><em>Consommateur :<\/em> la personne physique qui n&rsquo;agit pas \u00e0 des fins li\u00e9es \u00e0 son activit\u00e9 commerciale, industrielle, artisanale ou lib\u00e9rale ;<br\/><br\/><em>Jour :<\/em> jour calendaire ;<br\/><br\/><em>Contenu num\u00e9rique :<\/em> donn\u00e9es produites et fournies sous forme num\u00e9rique ;<br\/><br\/><em>Contrat \u00e0 dur\u00e9e d\u00e9termin\u00e9e :<\/em> un contrat pour la livraison r\u00e9guli\u00e8re de produits, services et\/ou contenus num\u00e9riques pendant une p\u00e9riode d\u00e9termin\u00e9e ;<br\/><br\/><em>Support durable :<\/em> tout moyen \u2013 y compris le courrier \u00e9lectronique \u2013 permettant au consommateur ou au professionnel de stocker des informations qui lui sont personnellement adress\u00e9es d&rsquo;une mani\u00e8re permettant leur consultation ult\u00e9rieure pendant une p\u00e9riode adapt\u00e9e aux fins auxquelles les informations sont destin\u00e9es et permettant la reproduction \u00e0 l&rsquo;identique des informations stock\u00e9es ;<br\/><br\/><em>Droit de r\u00e9tractation :<\/em> la possibilit\u00e9 pour le consommateur de renoncer au contrat \u00e0 distance pendant le d\u00e9lai de r\u00e9flexion ;<br\/><br\/><em>Professionnel :<\/em> la personne physique ou morale qui propose des produits, (l&rsquo;acc\u00e8s \u00e0) des contenus num\u00e9riques et\/ou des services \u00e0 distance aux consommateurs ;<br\/><br\/><em>Contrat \u00e0 distance :<\/em> un contrat conclu entre le professionnel et le consommateur dans le cadre d&rsquo;un syst\u00e8me organis\u00e9 de vente \u00e0 distance de produits, de contenus num\u00e9riques et\/ou de services, jusqu&rsquo;\u00e0 et y compris la conclusion du contrat, utilisant exclusivement ou partiellement une ou plusieurs techniques de communication \u00e0 distance ;<br\/><br\/><em>Technique de communication \u00e0 distance :<\/em> moyen pouvant \u00eatre utilis\u00e9 pour conclure un contrat, sans que le consommateur et le professionnel soient simultan\u00e9ment pr\u00e9sents dans le m\u00eame espace.<br\/><br\/><br\/><strong>ARTICLE 2 &#8211; IDENTIT\u00c9 DU PROFESSIONNEL<\/strong><br\/><br\/>Nom du professionnel et adresse d&rsquo;\u00e9tablissement :<br\/><br\/>Viswijf \/ La famille Victor gcv<br\/><br\/>Victor Braeckmanlaan 130<br\/>9040 Sint-Amandsberg<br\/>info@viswijf.be<br\/>TVA : BE 0835.245.620<br\/><br\/><strong>ARTICLE 3 &#8211; APPLICABILIT\u00c9<\/strong> <br\/><br\/>1. Les pr\u00e9sentes conditions g\u00e9n\u00e9rales s&rsquo;appliquent \u00e0 toute offre du professionnel et \u00e0 tout contrat \u00e0 distance conclu entre le professionnel et le consommateur.<br\/>2. Avant la conclusion du contrat \u00e0 distance, le texte des pr\u00e9sentes conditions g\u00e9n\u00e9rales est mis \u00e0 la disposition du consommateur. Si cela n&rsquo;est raisonnablement pas possible, le professionnel indiquera, avant la conclusion du contrat \u00e0 distance, que les conditions g\u00e9n\u00e9rales peuvent \u00eatre consult\u00e9es chez le professionnel et qu&rsquo;elles seront envoy\u00e9es gratuitement dans les plus brefs d\u00e9lais \u00e0 la demande du consommateur.<br\/>3. Si le contrat \u00e0 distance est conclu par voie \u00e9lectronique, le texte des pr\u00e9sentes conditions g\u00e9n\u00e9rales peut, par d\u00e9rogation au paragraphe pr\u00e9c\u00e9dent et avant la conclusion du contrat \u00e0 distance, \u00eatre mis \u00e0 la disposition du consommateur par voie \u00e9lectronique de mani\u00e8re \u00e0 ce qu&rsquo;il puisse \u00eatre stock\u00e9 facilement sur un support durable. Si cela n&rsquo;est raisonnablement pas possible, il sera indiqu\u00e9, avant la conclusion du contrat \u00e0 distance, o\u00f9 les conditions g\u00e9n\u00e9rales peuvent \u00eatre consult\u00e9es par voie \u00e9lectronique et qu&rsquo;elles seront envoy\u00e9es gratuitement par voie \u00e9lectronique ou d&rsquo;une autre mani\u00e8re \u00e0 la demande du consommateur.<br\/>4. Dans le cas o\u00f9 des conditions sp\u00e9cifiques de produits ou de services s&rsquo;appliquent en plus des pr\u00e9sentes conditions g\u00e9n\u00e9rales, les deuxi\u00e8me et troisi\u00e8me paragraphes s&rsquo;appliquent par analogie et le consommateur peut toujours invoquer, en cas de conditions g\u00e9n\u00e9rales contradictoires, la disposition applicable qui lui est la plus favorable.  <br\/><br\/><strong>ARTICLE 4 &#8211; L&rsquo;OFFRE<\/strong> <br\/><br\/>1. Si une offre a une dur\u00e9e de validit\u00e9 limit\u00e9e ou est soumise \u00e0 des conditions, cela est explicitement mentionn\u00e9 dans l&rsquo;offre.<br\/>2. L&rsquo;offre contient une description compl\u00e8te et pr\u00e9cise des produits, contenus num\u00e9riques et\/ou services propos\u00e9s. La description est suffisamment d\u00e9taill\u00e9e pour permettre au consommateur d&rsquo;\u00e9valuer correctement l&rsquo;offre. Si le professionnel utilise des images, celles-ci sont une repr\u00e9sentation fid\u00e8le des produits, services et\/ou contenus num\u00e9riques propos\u00e9s. Les erreurs ou fautes manifestes dans l&rsquo;offre n&rsquo;engagent pas le professionnel.<br\/>3. Chaque offre contient des informations telles qu&rsquo;il est clair pour le consommateur quels sont les droits et obligations li\u00e9s \u00e0 l&rsquo;acceptation de l&rsquo;offre.   <br\/><br\/><strong>ARTICLE 5 &#8211; LE CONTRAT<\/strong> <br\/><br\/>1. Sous r\u00e9serve des dispositions du paragraphe 4, le contrat est conclu au moment de l&rsquo;acceptation de l&rsquo;offre par le consommateur et du respect des conditions qui y sont pos\u00e9es.<br\/>2. Si le consommateur a accept\u00e9 l&rsquo;offre par voie \u00e9lectronique, le professionnel confirme imm\u00e9diatement par voie \u00e9lectronique la r\u00e9ception de l&rsquo;acceptation de l&rsquo;offre. Tant que la r\u00e9ception de cette acceptation n&rsquo;a pas \u00e9t\u00e9 confirm\u00e9e par le professionnel, le consommateur peut r\u00e9silier le contrat.<br\/>3. Si le contrat est conclu par voie \u00e9lectronique, le professionnel prend des mesures techniques et organisationnelles appropri\u00e9es pour s\u00e9curiser le transfert \u00e9lectronique des donn\u00e9es et assure un environnement web s\u00e9curis\u00e9. Si le consommateur peut payer par voie \u00e9lectronique, le professionnel prendra les mesures de s\u00e9curit\u00e9 appropri\u00e9es.<br\/>4. Le professionnel peut &#8211; dans les limites l\u00e9gales &#8211; s&rsquo;informer de la capacit\u00e9 du consommateur \u00e0 remplir ses obligations de paiement, ainsi que de tous les faits et facteurs importants pour conclure de mani\u00e8re responsable le contrat \u00e0 distance. Si, sur la base de cette enqu\u00eate, le professionnel a de bonnes raisons de ne pas conclure le contrat, il est en droit de refuser une commande ou une demande de mani\u00e8re motiv\u00e9e ou d&rsquo;attacher des conditions particuli\u00e8res \u00e0 l&rsquo;ex\u00e9cution.<br\/>5. Le professionnel enverra au plus tard lors de la livraison du produit, du service ou du contenu num\u00e9rique les informations suivantes au consommateur, par \u00e9crit ou de mani\u00e8re \u00e0 ce qu&rsquo;elles puissent \u00eatre stock\u00e9es par le consommateur de mani\u00e8re accessible sur un support durable :<br\/>a. l&rsquo;adresse de l&rsquo;\u00e9tablissement du professionnel o\u00f9 le consommateur peut adresser ses r\u00e9clamations ;    <br\/>b. les conditions dans lesquelles et la mani\u00e8re dont le consommateur peut exercer le droit de r\u00e9tractation, ou une indication claire concernant l&rsquo;exclusion du droit de r\u00e9tractation ;<br\/>c. les informations sur les garanties et le service apr\u00e8s-vente existant ;<br\/>d. le prix incluant toutes les taxes du produit, service ou contenu num\u00e9rique ; dans la mesure applicable, les frais de livraison ; et le mode de paiement, de livraison ou d&rsquo;ex\u00e9cution du contrat \u00e0 distance ;<br\/>e. les conditions de r\u00e9siliation du contrat si le contrat a une dur\u00e9e sup\u00e9rieure \u00e0 un an ou est \u00e0 dur\u00e9e ind\u00e9termin\u00e9e ;<br\/>f. si le consommateur dispose d&rsquo;un droit de r\u00e9tractation, le mod\u00e8le de formulaire de r\u00e9tractation.<br\/>6. Dans le cas d&rsquo;une transaction \u00e0 dur\u00e9e d\u00e9termin\u00e9e, la disposition du paragraphe pr\u00e9c\u00e9dent ne s&rsquo;applique qu&rsquo;\u00e0 la premi\u00e8re livraison.<br\/><br\/><strong>ARTICLE 6 &#8211; DROIT DE R\u00c9TRACTATION<\/strong> <br\/><br\/><em>Pour les services et contenus num\u00e9riques qui ne sont pas fournis sur un support mat\u00e9riel :<\/em><br\/>1. Le consommateur peut r\u00e9silier un contrat de services et un contrat de fourniture de contenu num\u00e9rique qui n&rsquo;est pas fourni sur un support mat\u00e9riel pendant au moins 14 jours sans donner de motif. Le professionnel peut demander au consommateur la raison de la r\u00e9tractation, mais ne peut pas l&rsquo;obliger \u00e0 donner ses raisons.<br\/>2. Le d\u00e9lai de r\u00e9flexion mentionn\u00e9 commence le jour suivant la conclusion du contrat. <br\/><br\/><em>D\u00e9lai de r\u00e9flexion prolong\u00e9 pour les produits, services et contenus num\u00e9riques qui ne sont pas fournis sur un support mat\u00e9riel en cas de non-information sur le droit de r\u00e9tractation :<\/em><br\/>3. Si le professionnel n&rsquo;a pas fourni au consommateur les informations l\u00e9galement obligatoires sur le droit de r\u00e9tractation ou le mod\u00e8le de formulaire de r\u00e9tractation, le d\u00e9lai de r\u00e9flexion expire douze mois apr\u00e8s la fin du d\u00e9lai de r\u00e9flexion initial, d\u00e9termin\u00e9 conform\u00e9ment aux paragraphes pr\u00e9c\u00e9dents de cet article.<br\/>4. Si le professionnel a fourni au consommateur les informations vis\u00e9es au paragraphe pr\u00e9c\u00e9dent dans les douze mois suivant la date de d\u00e9but du d\u00e9lai de r\u00e9flexion initial, le d\u00e9lai de r\u00e9flexion expire 14 jours apr\u00e8s le jour o\u00f9 le consommateur a re\u00e7u ces informations.<br\/><br\/><br\/><strong>ARTICLE 7 &#8211; EXERCICE DU DROIT DE R\u00c9TRACTATION PAR LE CONSOMMATEUR<\/strong><br\/><br\/>1. Si le consommateur exerce son droit de r\u00e9tractation, il en informe le professionnel de mani\u00e8re non \u00e9quivoque pendant le d\u00e9lai de r\u00e9flexion.<br\/>2. Dans les plus brefs d\u00e9lais, mais dans les 14 jours suivant le jour de la notification vis\u00e9e au paragraphe 1, le consommateur renvoie le produit.<br\/>3. Le risque et la charge de la preuve pour l&rsquo;exercice correct et en temps voulu du droit de r\u00e9tractation incombent au consommateur.<br\/>4. Si le consommateur exerce son droit de r\u00e9tractation, tous les contrats compl\u00e9mentaires sont r\u00e9sili\u00e9s de plein droit.<br\/><br\/><strong>ARTICLE 8 &#8211; OBLIGATIONS DU PROFESSIONNEL EN CAS DE R\u00c9TRACTATION<\/strong> <br\/><br\/>1. Si le professionnel permet au consommateur de notifier la r\u00e9tractation par voie \u00e9lectronique, il envoie imm\u00e9diatement un accus\u00e9 de r\u00e9ception apr\u00e8s r\u00e9ception de cette notification.<br\/>2. Le professionnel rembourse tous les paiements du consommateur imm\u00e9diatement mais dans les 14 jours suivant le jour o\u00f9 le consommateur lui notifie la r\u00e9tractation.<br\/><br\/><strong>ARTICLE 9 &#8211; LE PRIX<\/strong><br\/><br\/>1. Pendant la dur\u00e9e de validit\u00e9 mentionn\u00e9e dans l&rsquo;offre, les prix des produits et\/ou services propos\u00e9s ne sont pas augment\u00e9s, sauf modifications de prix dues \u00e0 des changements de taux de TVA.<br\/>2. Par d\u00e9rogation au paragraphe pr\u00e9c\u00e9dent, le professionnel peut proposer des produits ou services dont les prix sont li\u00e9s aux fluctuations du march\u00e9 financier et sur lesquels le professionnel n&rsquo;a aucune influence, \u00e0 des prix variables. Ce lien avec les fluctuations et le fait que les prix mentionn\u00e9s sont des prix indicatifs sont mentionn\u00e9s dans l&rsquo;offre.<br\/>3. Les augmentations de prix dans les 3 mois suivant la conclusion du contrat ne sont autoris\u00e9es que si elles r\u00e9sultent de r\u00e9glementations ou dispositions l\u00e9gales.<br\/>4. Les augmentations de prix \u00e0 partir de 3 mois apr\u00e8s la conclusion du contrat ne sont autoris\u00e9es que si le professionnel l&rsquo;a stipul\u00e9 et :<br\/>a. qu&rsquo;elles r\u00e9sultent de r\u00e9glementations ou dispositions l\u00e9gales ; ou<br\/>b. que le consommateur a le droit de r\u00e9silier le contrat \u00e0 compter du jour o\u00f9 l&rsquo;augmentation de prix prend effet.<br\/>5. Les prix mentionn\u00e9s dans l&rsquo;offre de produits ou services incluent la TVA.  <br\/><br\/><strong>ARTICLE 10 &#8211; EX\u00c9CUTION DU CONTRAT ET GARANTIE SUPPL\u00c9MENTAIRE<\/strong><br\/><br\/>1. Le professionnel garantit que les produits et\/ou services r\u00e9pondent au contrat, aux sp\u00e9cifications mentionn\u00e9es dans l&rsquo;offre, aux exigences raisonnables de qualit\u00e9 et\/ou d&rsquo;utilisation et aux dispositions l\u00e9gales et\/ou r\u00e9glementations gouvernementales existantes \u00e0 la date de conclusion du contrat. Si convenu, le professionnel garantit \u00e9galement que le produit convient \u00e0 un usage autre que l&rsquo;usage normal. <br\/>2. Une garantie suppl\u00e9mentaire fournie par le professionnel, son fournisseur, fabricant ou importateur ne limite jamais les droits et r\u00e9clamations l\u00e9gaux que le consommateur peut faire valoir contre le professionnel sur la base du contrat si le professionnel a manqu\u00e9 \u00e0 ses obligations dans le cadre du contrat.<br\/>3. Par garantie suppl\u00e9mentaire, on entend tout engagement du professionnel, de son fournisseur, importateur ou producteur accordant au consommateur certains droits ou r\u00e9clamations allant au-del\u00e0 de ce \u00e0 quoi il est l\u00e9galement tenu en cas de manquement \u00e0 ses obligations dans le cadre du contrat.<br\/><br\/><strong>ARTICLE 11 &#8211; LIVRAISON ET EX\u00c9CUTION<\/strong><br\/><br\/>1. Le professionnel apportera le plus grand soin dans la r\u00e9ception et l&rsquo;ex\u00e9cution des commandes de produits et dans l&rsquo;\u00e9valuation des demandes de prestation de services.<br\/>2. Sous r\u00e9serve de ce qui est mentionn\u00e9 \u00e0 l&rsquo;article 4 des pr\u00e9sentes conditions g\u00e9n\u00e9rales, le professionnel ex\u00e9cutera les commandes accept\u00e9es avec diligence mais au plus tard dans les 30 jours, sauf si un autre d\u00e9lai de livraison a \u00e9t\u00e9 convenu. Si la livraison est retard\u00e9e, ou si une commande ne peut \u00eatre ex\u00e9cut\u00e9e que partiellement ou pas du tout, le consommateur en sera inform\u00e9 au plus tard 30 jours apr\u00e8s avoir pass\u00e9 la commande. Dans ce cas, le consommateur a le droit de r\u00e9silier le contrat sans frais et a droit \u00e0 une \u00e9ventuelle indemnisation.<br\/>3. Apr\u00e8s r\u00e9siliation conform\u00e9ment au paragraphe pr\u00e9c\u00e9dent, le professionnel remboursera imm\u00e9diatement le montant pay\u00e9 par le consommateur.<br\/>4. Le risque de dommage et\/ou de perte des produits incombe au professionnel jusqu&rsquo;au moment de la livraison au consommateur ou \u00e0 un repr\u00e9sentant d\u00e9sign\u00e9 \u00e0 l&rsquo;avance et communiqu\u00e9 au professionnel, sauf convention contraire expresse.  <br\/><br\/><strong>ARTICLE 12 &#8211; MODIFICATION DE LA COMMANDE<\/strong><br\/><br\/>Une fois la commande pass\u00e9e, il n&rsquo;est plus possible de la modifier.<br\/><br\/><strong>ARTICLE 13 &#8211; PAIEMENT<\/strong> <br\/><br\/>1. Sauf disposition contraire dans le contrat ou les conditions suppl\u00e9mentaires, les montants dus par le consommateur doivent \u00eatre pay\u00e9s dans les 14 jours suivant le d\u00e9but du d\u00e9lai de r\u00e9flexion, ou en l&rsquo;absence d&rsquo;un d\u00e9lai de r\u00e9flexion, dans les 14 jours suivant la conclusion du contrat. Dans le cas d&rsquo;un contrat de prestation de services, ce d\u00e9lai commence le jour suivant la r\u00e9ception par le consommateur de la confirmation du contrat. <br\/>2. Le consommateur a l&rsquo;obligation de signaler imm\u00e9diatement au professionnel toute inexactitude dans les donn\u00e9es de paiement fournies ou mentionn\u00e9es.<br\/>3. En cas de d\u00e9faut de paiement du consommateur, le professionnel a le droit, sous r\u00e9serve des restrictions l\u00e9gales, de facturer les frais raisonnables communiqu\u00e9s pr\u00e9alablement au consommateur.<br\/>4. Si le consommateur ne remplit pas ses obligations de paiement dans les d\u00e9lais, apr\u00e8s avoir \u00e9t\u00e9 inform\u00e9 par le professionnel du retard de paiement et que le professionnel a accord\u00e9 au consommateur un d\u00e9lai de 14 jours pour remplir ses obligations de paiement, apr\u00e8s le non-paiement dans ce d\u00e9lai de 14 jours, les int\u00e9r\u00eats l\u00e9gaux seront dus sur le montant encore d\u00fb et le professionnel est en droit de facturer les frais de recouvrement extrajudiciaires qu&rsquo;il a engag\u00e9s.<br\/><br\/><strong>ARTICLE 14 &#8211; PROC\u00c9DURE DE R\u00c9CLAMATION<\/strong> <br\/><br\/>1. Le professionnel dispose d&rsquo;une proc\u00e9dure de r\u00e9clamation suffisamment communiqu\u00e9e et traite la r\u00e9clamation conform\u00e9ment \u00e0 cette proc\u00e9dure.<br\/>2. Les r\u00e9clamations concernant l&rsquo;ex\u00e9cution du contrat doivent \u00eatre soumises au professionnel dans un d\u00e9lai raisonnable apr\u00e8s que le consommateur a constat\u00e9 les d\u00e9fauts, de mani\u00e8re compl\u00e8te et clairement d\u00e9crite.<br\/>3. Les r\u00e9clamations soumises au professionnel re\u00e7oivent une r\u00e9ponse dans un d\u00e9lai de 14 jours \u00e0 compter de la date de r\u00e9ception. Si une r\u00e9clamation n\u00e9cessite un temps de traitement pr\u00e9visiblement plus long, le professionnel r\u00e9pond dans le d\u00e9lai de 14 jours avec un accus\u00e9 de r\u00e9ception et une indication du moment o\u00f9 le consommateur peut s&rsquo;attendre \u00e0 une r\u00e9ponse plus d\u00e9taill\u00e9e.<br\/>4. Si la r\u00e9clamation ne peut pas \u00eatre r\u00e9solue d&rsquo;un commun accord dans un d\u00e9lai raisonnable ou dans les 3 mois suivant sa soumission, un litige survient qui est susceptible d&rsquo;\u00eatre soumis \u00e0 la proc\u00e9dure de r\u00e8glement des litiges. <br\/><br\/><strong>ARTICLE 15 &#8211; LITIGES<\/strong> <br\/><br\/>1. Les contrats entre le professionnel et le consommateur auxquels se rapportent les pr\u00e9sentes conditions g\u00e9n\u00e9rales sont exclusivement r\u00e9gis par le droit belge. Dans la mesure o\u00f9 la loi applicable le permet, en cas de litige, les Cours et Tribunaux de Gand sont comp\u00e9tents. <\/p>\n","protected":false},"excerpt":{"rendered":"<p>Conditions g\u00e9n\u00e9rales ARTICLE 1 &#8211; D\u00c9FINITIONS Dans ces conditions, on entend par : Contrat compl\u00e9mentaire : un contrat par lequel le consommateur acquiert des produits, du contenu num\u00e9rique et\/ou des services en relation avec un contrat \u00e0 distance et ces produits, contenus num\u00e9riques et\/ou services sont fournis par le professionnel ou par un tiers sur [&hellip;]<\/p>\n","protected":false},"author":270186349,"featured_media":0,"parent":0,"menu_order":0,"comment_status":"closed","ping_status":"closed","template":"","meta":{"_crdt_document":"","advanced_seo_description":"","jetpack_seo_html_title":"","jetpack_seo_noindex":false,"footnotes":""},"class_list":["post-1230","page","type-page","status-publish","hentry"],"jetpack_sharing_enabled":true,"jetpack_likes_enabled":true,"jetpack_shortlink":"https:\/\/wp.me\/PgKvpN-jQ","_links":{"self":[{"href":"https:\/\/viswijf.com\/fr\/wp-json\/wp\/v2\/pages\/1230","targetHints":{"allow":["GET"]}}],"collection":[{"href":"https:\/\/viswijf.com\/fr\/wp-json\/wp\/v2\/pages"}],"about":[{"href":"https:\/\/viswijf.com\/fr\/wp-json\/wp\/v2\/types\/page"}],"author":[{"embeddable":true,"href":"https:\/\/viswijf.com\/fr\/wp-json\/wp\/v2\/users\/270186349"}],"replies":[{"embeddable":true,"href":"https:\/\/viswijf.com\/fr\/wp-json\/wp\/v2\/comments?post=1230"}],"version-history":[{"count":2,"href":"https:\/\/viswijf.com\/fr\/wp-json\/wp\/v2\/pages\/1230\/revisions"}],"predecessor-version":[{"id":1232,"href":"https:\/\/viswijf.com\/fr\/wp-json\/wp\/v2\/pages\/1230\/revisions\/1232"}],"wp:attachment":[{"href":"https:\/\/viswijf.com\/fr\/wp-json\/wp\/v2\/media?parent=1230"}],"curies":[{"name":"wp","href":"https:\/\/api.w.org\/{rel}","templated":true}]}}