{"id":881,"date":"2025-08-26T11:42:19","date_gmt":"2025-08-26T09:42:19","guid":{"rendered":"https:\/\/viswijf.com\/product\/dancing-queen\/"},"modified":"2025-09-17T13:35:10","modified_gmt":"2025-09-17T11:35:10","slug":"dancing-queen","status":"publish","type":"product","link":"https:\/\/viswijf.com\/de\/produkt\/dancing-queen\/","title":{"rendered":"Dancing Queen"},"content":{"rendered":"<p>Die Strickanleitung ist auf Deutsch: 3 S.<\/p>\n<p>Weitere Informationen zu Gr\u00f6\u00dfen, Material, verwendeten Stichen und der Maschenprobe finden Sie unter der Geschichte.<\/p>\n<p><strong><em>GEM\u00dcTLICHE FREIHEIT<\/em><\/strong><\/p>\n<p><strong><em>Ich war 6 Jahre alt, als ich meine ersten Ballettschritte machte und verliebte mich auf der Stelle in das Gef\u00fchl, das ich beim Tanzen erlebe: eine seltsame Mischung aus Freiheit, W\u00e4rme und Gem\u00fctlichkeit. Wenn ich tanze, vergesse ich f\u00fcr einen Moment die Welt um mich herum. Dann kann ich einfach im Moment sein. <\/em><\/strong><\/p>\n<p><strong><em>Von allen Stilen, die ich lernte, steht mir der moderne Tanz von Martha Graham am n\u00e4chsten. Graham gab ihren Emotionen durch Bewegung Ausdruck und erz\u00e4hlte mit ihrem Tanz kraftvolle Geschichten. Meine Lehrerin Wiske konnte das auch wie keine andere. Bis weit \u00fcber mein 25. Lebensjahr hinaus tanzte ich ihre Geschichten auf der B\u00fchne, meistens in der Gruppe, aber ab und zu auch solo. <\/em><\/strong><\/p>\n<p><strong><em>Auch heute tanze ich noch und suche diese herrliche Mischung aus Freiheit, W\u00e4rme und Gem\u00fctlichkeit. Dieses Gef\u00fchl habe ich versucht, im Pullover Dancing Queen einzufangen. <\/em><\/strong><\/p>\n<p><strong><em>Wann erlebst du das Gef\u00fchl von Freiheit? Wann verschwindet die Welt f\u00fcr dich? <\/em><\/strong><\/p>\n<p data-pm-slice=\"1 1 []\"><strong><em>Teile deine Kreation und deine Geschichte mit #_viswijf<\/em><\/strong><\/p>\n<p data-pm-slice=\"1 1 []\"><strong>Niveau<br \/>\n<\/strong><img loading=\"lazy\" decoding=\"async\" class=\"alignnone wp-image-238 \" src=\"https:\/\/viswijf.com\/wp-content\/uploads\/2025\/08\/Schermafbeelding-2025-08-26-om-11.21.32-300x180.png\" alt=\"\" width=\"137\" height=\"82\" srcset=\"https:\/\/viswijf.com\/wp-content\/uploads\/2025\/08\/Schermafbeelding-2025-08-26-om-11.21.32-300x180.png 300w, https:\/\/viswijf.com\/wp-content\/uploads\/2025\/08\/Schermafbeelding-2025-08-26-om-11.21.32-450x274.png 450w, https:\/\/viswijf.com\/wp-content\/uploads\/2025\/08\/Schermafbeelding-2025-08-26-om-11.21.32.png 456w\" sizes=\"auto, (max-width: 137px) 100vw, 137px\" \/><br \/>\nIdeal f\u00fcr Anf\u00e4nger<\/p>\n<p><strong>Gr\u00f6\u00dfen<br \/>\n<\/strong><img loading=\"lazy\" decoding=\"async\" data-attachment-id=\"1605\" data-permalink=\"https:\/\/viswijf.com\/de\/?attachment_id=1605\" data-orig-file=\"https:\/\/viswijf.com\/wp-content\/uploads\/2025\/08\/Schermafbeelding-2025-09-17-om-13.31.04.png\" data-orig-size=\"888,212\" data-comments-opened=\"1\" data-image-meta=\"{&quot;aperture&quot;:&quot;0&quot;,&quot;credit&quot;:&quot;&quot;,&quot;camera&quot;:&quot;&quot;,&quot;caption&quot;:&quot;&quot;,&quot;created_timestamp&quot;:&quot;0&quot;,&quot;copyright&quot;:&quot;&quot;,&quot;focal_length&quot;:&quot;0&quot;,&quot;iso&quot;:&quot;0&quot;,&quot;shutter_speed&quot;:&quot;0&quot;,&quot;title&quot;:&quot;&quot;,&quot;orientation&quot;:&quot;0&quot;}\" data-image-title=\"Schermafbeelding 2025-09-17 om 13.31.04\" data-image-description=\"\" data-image-caption=\"\" data-large-file=\"https:\/\/viswijf.com\/wp-content\/uploads\/2025\/08\/Schermafbeelding-2025-09-17-om-13.31.04.png\" class=\"alignnone wp-image-1605 size-medium\" src=\"https:\/\/viswijf.com\/wp-content\/uploads\/2025\/08\/Schermafbeelding-2025-09-17-om-13.31.04-300x72.png\" alt=\"\" width=\"300\" height=\"72\" srcset=\"https:\/\/viswijf.com\/wp-content\/uploads\/2025\/08\/Schermafbeelding-2025-09-17-om-13.31.04-300x72.png 300w, https:\/\/viswijf.com\/wp-content\/uploads\/2025\/08\/Schermafbeelding-2025-09-17-om-13.31.04-768x183.png 768w, https:\/\/viswijf.com\/wp-content\/uploads\/2025\/08\/Schermafbeelding-2025-09-17-om-13.31.04-600x143.png 600w, https:\/\/viswijf.com\/wp-content\/uploads\/2025\/08\/Schermafbeelding-2025-09-17-om-13.31.04.png 888w\" sizes=\"auto, (max-width: 300px) 100vw, 300px\" \/><\/p>\n<p><strong>Material<br \/>\n<\/strong>Ich habe Fashion Alpaca Super Fine von Rico verwendet.<br \/>\n1 Kn\u00e4uel von 50 g enth\u00e4lt 140 m Garn.<br \/>\n<img loading=\"lazy\" decoding=\"async\" data-attachment-id=\"1606\" data-permalink=\"https:\/\/viswijf.com\/de\/?attachment_id=1606\" data-orig-file=\"https:\/\/viswijf.com\/wp-content\/uploads\/2025\/08\/Schermafbeelding-2025-09-17-om-13.31.10.png\" data-orig-size=\"880,152\" data-comments-opened=\"1\" data-image-meta=\"{&quot;aperture&quot;:&quot;0&quot;,&quot;credit&quot;:&quot;&quot;,&quot;camera&quot;:&quot;&quot;,&quot;caption&quot;:&quot;&quot;,&quot;created_timestamp&quot;:&quot;0&quot;,&quot;copyright&quot;:&quot;&quot;,&quot;focal_length&quot;:&quot;0&quot;,&quot;iso&quot;:&quot;0&quot;,&quot;shutter_speed&quot;:&quot;0&quot;,&quot;title&quot;:&quot;&quot;,&quot;orientation&quot;:&quot;0&quot;}\" data-image-title=\"Schermafbeelding 2025-09-17 om 13.31.10\" data-image-description=\"\" data-image-caption=\"\" data-large-file=\"https:\/\/viswijf.com\/wp-content\/uploads\/2025\/08\/Schermafbeelding-2025-09-17-om-13.31.10.png\" class=\"alignnone wp-image-1606 size-medium\" src=\"https:\/\/viswijf.com\/wp-content\/uploads\/2025\/08\/Schermafbeelding-2025-09-17-om-13.31.10-300x52.png\" alt=\"\" width=\"300\" height=\"52\" srcset=\"https:\/\/viswijf.com\/wp-content\/uploads\/2025\/08\/Schermafbeelding-2025-09-17-om-13.31.10-300x52.png 300w, https:\/\/viswijf.com\/wp-content\/uploads\/2025\/08\/Schermafbeelding-2025-09-17-om-13.31.10-768x133.png 768w, https:\/\/viswijf.com\/wp-content\/uploads\/2025\/08\/Schermafbeelding-2025-09-17-om-13.31.10-600x104.png 600w, https:\/\/viswijf.com\/wp-content\/uploads\/2025\/08\/Schermafbeelding-2025-09-17-om-13.31.10.png 880w\" sizes=\"auto, (max-width: 300px) 100vw, 300px\" \/><br \/>\nStricknadeln Nr. 9 und 10<br \/>\nDruckkn\u00f6pfe 1,5 cm: 5<\/p>\n<p><strong>Verwendete Stiche<\/strong><br \/>\nB\u00fcndchenmuster 1\/1<br \/>\nGlattstrick<\/p>\n<p><strong>Maschenprobe<\/strong><br \/>\nStricke eine Maschenprobe von 10&#215;10 cm im Glattstrick mit Nadeln Nr. 10 und 2 F\u00e4den zusammen: Du z\u00e4hlst 11 Maschen und 14 Reihen.<\/p>\n","protected":false},"excerpt":{"rendered":"<p>Ideal f\u00fcr Anf\u00e4nger oder ein schnelles Projekt f\u00fcr zwischendurch. Die \u00c4rmel dieser Oversize-Strickjacke werden in einem Zug mitgestrickt. Mit Nadeln Nr. 10.<\/p>\n","protected":false},"featured_media":883,"template":"","meta":{"_crdt_document":"","advanced_seo_description":"","jetpack_seo_html_title":"","jetpack_seo_noindex":false,"jetpack_publicize_message":"","jetpack_publicize_feature_enabled":true,"jetpack_social_post_already_shared":true,"jetpack_social_options":{"image_generator_settings":{"template":"highway","default_image_id":0,"font":"","enabled":false},"version":2},"_wpas_customize_per_network":false},"product_brand":[],"product_cat":[1375],"product_tag":[1388],"class_list":{"0":"post-881","1":"product","2":"type-product","3":"status-publish","4":"has-post-thumbnail","6":"product_cat-dames","7":"product_tag-beginners","9":"first","10":"instock","11":"downloadable","12":"virtual","13":"taxable","14":"purchasable","15":"product-type-simple"},"bundled_by":[],"bundle_stock_status":"instock","bundle_stock_quantity":null,"bundle_virtual":false,"bundle_layout":"","bundle_add_to_cart_form_location":"","bundle_editable_in_cart":false,"bundle_sold_individually_context":"","bundle_item_grouping":"","bundle_min_size":"","bundle_max_size":"","bundle_price":[],"bundled_items":[],"bundle_sell_ids":[],"group_of_quantity":0,"min_quantity":0,"max_quantity":"","exclude_order_quantity_value_rules":"no","exclude_category_quantity_rules":"no","combine_variations":"no","exclude_global_add_ons":[],"addons":[],"jetpack_publicize_connections":[],"jetpack_sharing_enabled":true,"jetpack_likes_enabled":true,"_links":{"self":[{"href":"https:\/\/viswijf.com\/de\/wp-json\/wp\/v2\/product\/881","targetHints":{"allow":["GET"]}}],"collection":[{"href":"https:\/\/viswijf.com\/de\/wp-json\/wp\/v2\/product"}],"about":[{"href":"https:\/\/viswijf.com\/de\/wp-json\/wp\/v2\/types\/product"}],"wp:featuredmedia":[{"embeddable":true,"href":"https:\/\/viswijf.com\/de\/wp-json\/wp\/v2\/media\/883"}],"wp:attachment":[{"href":"https:\/\/viswijf.com\/de\/wp-json\/wp\/v2\/media?parent=881"}],"wp:term":[{"taxonomy":"product_brand","embeddable":true,"href":"https:\/\/viswijf.com\/de\/wp-json\/wp\/v2\/product_brand?post=881"},{"taxonomy":"product_cat","embeddable":true,"href":"https:\/\/viswijf.com\/de\/wp-json\/wp\/v2\/product_cat?post=881"},{"taxonomy":"product_tag","embeddable":true,"href":"https:\/\/viswijf.com\/de\/wp-json\/wp\/v2\/product_tag?post=881"}],"curies":[{"name":"wp","href":"https:\/\/api.w.org\/{rel}","templated":true}]}}