{"id":740,"date":"2025-08-18T12:37:03","date_gmt":"2025-08-18T10:37:03","guid":{"rendered":"https:\/\/viswijf.com\/stricken-mit-herz-und-geschichte-willkommen-bei-viswijf\/"},"modified":"2025-09-08T08:29:34","modified_gmt":"2025-09-08T06:29:34","slug":"stricken-mit-herz-und-geschichte-willkommen-bei-viswijf","status":"publish","type":"page","link":"https:\/\/viswijf.com\/de\/stricken-mit-herz-und-geschichte-willkommen-bei-viswijf\/","title":{"rendered":"Stricken mit Herz und Geschichte. Willkommen bei Viswijf."},"content":{"rendered":"\n<figure class=\"wp-block-image size-large\"><img loading=\"lazy\" decoding=\"async\" width=\"1024\" height=\"1024\" src=\"https:\/\/viswijf.com\/wp-content\/uploads\/2025\/08\/Portret-Isabelle-1024x1024.jpg\" alt=\"Eine Frau mit lockigem Haar, gekleidet in einem gr&#xFC;nen Kleid, steht auf einer Treppe in einer modernen Umgebung und l&#xE4;chelt in die Kamera. Sie tr&#xE4;gt eine schwarze Tasche und h&#xE4;lt ein Buch fest.\" class=\"wp-image-49\" srcset=\"https:\/\/viswijf.com\/wp-content\/uploads\/2025\/08\/Portret-Isabelle-1024x1024.jpg 1024w, https:\/\/viswijf.com\/wp-content\/uploads\/2025\/08\/Portret-Isabelle-300x300.jpg 300w, https:\/\/viswijf.com\/wp-content\/uploads\/2025\/08\/Portret-Isabelle-150x150.jpg?crop=1 150w, https:\/\/viswijf.com\/wp-content\/uploads\/2025\/08\/Portret-Isabelle-768x768.jpg 768w, https:\/\/viswijf.com\/wp-content\/uploads\/2025\/08\/Portret-Isabelle-450x450.jpg?crop=1 450w, https:\/\/viswijf.com\/wp-content\/uploads\/2025\/08\/Portret-Isabelle-600x600.jpg?crop=1 600w, https:\/\/viswijf.com\/wp-content\/uploads\/2025\/08\/Portret-Isabelle-100x100.jpg?crop=1 100w, https:\/\/viswijf.com\/wp-content\/uploads\/2025\/08\/Portret-Isabelle.jpg 1200w\" sizes=\"auto, (max-width: 1024px) 100vw, 1024px\" \/><\/figure>\n\n<div class=\"wp-block-group has-border-color has-global-padding is-layout-constrained wp-container-core-group-is-layout-417408d9 wp-block-group-is-layout-constrained\" style=\"border-color:#7da29d;border-width:17px;border-radius:20px;margin-top:var(--wp--preset--spacing--40);margin-bottom:var(--wp--preset--spacing--40);padding-top:0;padding-bottom:0\">\n<div class=\"wp-block-group has-global-padding is-layout-constrained wp-container-core-group-is-layout-0358ffa0 wp-block-group-is-layout-constrained\" style=\"padding-top:var(--wp--preset--spacing--40);padding-right:var(--wp--preset--spacing--40);padding-bottom:var(--wp--preset--spacing--40);padding-left:var(--wp--preset--spacing--40)\">\n<p class=\"wp-block-paragraph\">Willkommen!<br\/><br\/>Ich bin Isabelle. Strickerin, Schnittmacherin, Geschichtenerz\u00e4hlerin und Viswijf mit Ecken und Kanten.<\/p>\n\n\n\n<p class=\"wp-block-paragraph\">Bei <strong>Viswijf<\/strong> geht es nicht nur darum, was du machst, sondern darum, was du mit dir tr\u00e4gst. Jeder Pullover, den ich entwerfe, beginnt mit einer Erinnerung, einer Sehnsucht, einem Gef\u00fchl, das nachwirkt.<\/p>\n\n\n\n<p class=\"wp-block-paragraph\"><strong>Viswijf<\/strong> ist ein Ort, wo Stricken und Leben ineinandergreifen. Wo Liebe Stiche z\u00e4hlt, Bosheit weiche R\u00e4nder bekommt, Trauer Wolle wird und Selbstliebe sich langsam entfaltet wie ein Pullover, der endlich passt.<\/p>\n\n\n\n<p class=\"wp-block-paragraph\">Ich glaube, dass ein Pullover mehr sein kann als ein Kleidungsst\u00fcck. Manchmal ist es eine R\u00fcstung. Manchmal eine Umarmung. Und manchmal einfach eine herrlich verspielte Flucht aus dem Alltag. Ich stricke mit Wolle, aber auch mit meinem Herzen.<\/p>\n\n\n\n<p class=\"wp-block-paragraph\"><strong>Viswijf<\/strong> ist meine Ode an Langsamkeit, an Verbundenheit und an Mut. Denn warum sollten wir nicht einfach wir selbst sein d\u00fcrfen \u2013 mit ausgefransten R\u00e4ndern, W\u00e4rme, Humor und einem Hauch von Drama?<\/p>\n\n\n\n<p class=\"wp-block-paragraph\">Willkommen in meiner Welt. Setz dich hin, pack deine Stricknadeln und erz\u00e4hl mir deine Geschichte, denn bei Viswijf kannst du einfach dich selbst sein: fr\u00f6hlich, verspielt, sanft und unvollkommen. Hier strickst du an dir selbst, bewegst du einen Stein f\u00fcr dich selbst und legst deine Geschichte in meine.<br\/><br\/>Isabelle<\/p>\n<\/div>\n<\/div>\n\n<figure class=\"wp-block-image aligncenter size-full is-resized\" style=\"margin-top:var(--wp--preset--spacing--60);margin-bottom:var(--wp--preset--spacing--60)\"><img loading=\"lazy\" decoding=\"async\" width=\"1438\" height=\"456\" src=\"https:\/\/viswijf.com\/wp-content\/uploads\/2025\/09\/Schermafbeelding-2025-09-01-om-11.07.36.png\" alt=\"Drei stilisierte Fische in verschiedenen Gr&#xF6;&#xDF;en, mit auff&#xE4;lligen Punkten auf ihrem K&#xF6;rper, in einem einfachen und modernen illustrativen Stil.\" class=\"wp-image-472\" style=\"aspect-ratio:3.1536653779091806;width:274px;height:auto\" srcset=\"https:\/\/viswijf.com\/wp-content\/uploads\/2025\/09\/Schermafbeelding-2025-09-01-om-11.07.36.png 1438w, https:\/\/viswijf.com\/wp-content\/uploads\/2025\/09\/Schermafbeelding-2025-09-01-om-11.07.36-300x95.png 300w, https:\/\/viswijf.com\/wp-content\/uploads\/2025\/09\/Schermafbeelding-2025-09-01-om-11.07.36-1024x325.png 1024w, https:\/\/viswijf.com\/wp-content\/uploads\/2025\/09\/Schermafbeelding-2025-09-01-om-11.07.36-768x244.png 768w, https:\/\/viswijf.com\/wp-content\/uploads\/2025\/09\/Schermafbeelding-2025-09-01-om-11.07.36-1200x381.png 1200w, https:\/\/viswijf.com\/wp-content\/uploads\/2025\/09\/Schermafbeelding-2025-09-01-om-11.07.36-1320x419.png 1320w, https:\/\/viswijf.com\/wp-content\/uploads\/2025\/09\/Schermafbeelding-2025-09-01-om-11.07.36-600x190.png 600w\" sizes=\"auto, (max-width: 1438px) 100vw, 1438px\" \/><\/figure>\n","protected":false},"excerpt":{"rendered":"<p>Willkommen! Ich bin Isabelle. Strickerin, Schnittmacherin, Geschichtenerz\u00e4hlerin und Viswijf mit Ecken und Kanten. Bei Viswijf geht es nicht nur darum, was du machst, sondern darum, was du mit dir tr\u00e4gst. Jeder Pullover, den ich entwerfe, beginnt mit einer Erinnerung, einer Sehnsucht, einem Gef\u00fchl, das nachwirkt. Viswijf ist ein Ort, wo Stricken und Leben ineinandergreifen. Wo [&hellip;]<\/p>\n","protected":false},"author":270186349,"featured_media":0,"parent":0,"menu_order":0,"comment_status":"closed","ping_status":"open","template":"","meta":{"_crdt_document":"","advanced_seo_description":"","jetpack_seo_html_title":"","jetpack_seo_noindex":false,"footnotes":""},"class_list":["post-740","page","type-page","status-publish","hentry"],"jetpack_sharing_enabled":true,"jetpack_likes_enabled":true,"jetpack_shortlink":"https:\/\/wp.me\/PgKvpN-bW","_links":{"self":[{"href":"https:\/\/viswijf.com\/de\/wp-json\/wp\/v2\/pages\/740","targetHints":{"allow":["GET"]}}],"collection":[{"href":"https:\/\/viswijf.com\/de\/wp-json\/wp\/v2\/pages"}],"about":[{"href":"https:\/\/viswijf.com\/de\/wp-json\/wp\/v2\/types\/page"}],"author":[{"embeddable":true,"href":"https:\/\/viswijf.com\/de\/wp-json\/wp\/v2\/users\/270186349"}],"replies":[{"embeddable":true,"href":"https:\/\/viswijf.com\/de\/wp-json\/wp\/v2\/comments?post=740"}],"version-history":[{"count":6,"href":"https:\/\/viswijf.com\/de\/wp-json\/wp\/v2\/pages\/740\/revisions"}],"predecessor-version":[{"id":844,"href":"https:\/\/viswijf.com\/de\/wp-json\/wp\/v2\/pages\/740\/revisions\/844"}],"wp:attachment":[{"href":"https:\/\/viswijf.com\/de\/wp-json\/wp\/v2\/media?parent=740"}],"curies":[{"name":"wp","href":"https:\/\/api.w.org\/{rel}","templated":true}]}}