{"id":1318,"date":"2025-09-01T11:24:50","date_gmt":"2025-09-01T09:24:50","guid":{"rendered":"https:\/\/viswijf.com\/datenschutz-und-cookie-richtlinie\/"},"modified":"2025-09-16T09:58:27","modified_gmt":"2025-09-16T07:58:27","slug":"datenschutz-und-cookie-richtlinie","status":"publish","type":"page","link":"https:\/\/viswijf.com\/de\/datenschutz-und-cookie-richtlinie\/","title":{"rendered":"Datenschutz- und Cookie-Richtlinie"},"content":{"rendered":"\n<p class=\"wp-block-paragraph\">Diese \u201eDatenschutz- und Cookie-Richtlinie\u201c regelt die Verarbeitung Ihrer personenbezogenen Daten durch den Verantwortlichen f\u00fcr die Verarbeitung: La famille Victor gcv, Victor Braeckmanlaan 130, 9040 Sint-Amandsberg, BE0835.245.620 (im Folgenden: \u201eLa famille Victor\u201c).<br\/><br\/>Bitte lesen Sie diese Datenschutz- und Cookie-Richtlinie sorgf\u00e4ltig durch, da sie wichtige Informationen dar\u00fcber enth\u00e4lt, wie Ihre personenbezogenen Daten verarbeitet werden und welche Cookies verwendet werden. Durch die Angabe Ihrer personenbezogenen Daten auf <a href=\"http:\/\/www.viswijf.com\" rel=\"nofollow\">http:\/\/www.viswijf.com<\/a> und \u00fcber die E-Mail-Adressen auf unserer Website erkl\u00e4ren Sie, diese Datenschutzrichtlinie zur Kenntnis genommen zu haben. Sie erkl\u00e4ren sich hiermit ausdr\u00fccklich einverstanden, ebenso wie mit der Verarbeitung Ihrer personenbezogenen Daten selbst.  <br\/><br\/><strong>Artikel 1 \u2013 Allgemeines<\/strong><\/p>\n\n<ol class=\"wp-block-list\">\n<li>\n<ol class=\"wp-block-list\">\n<li>La famille Victor befolgt das \u201eGesetz vom 8. Dezember 1992 zum Schutz der Privatsph\u00e4re in Bezug auf die Verarbeitung personenbezogener Daten\u201c, ge\u00e4ndert durch das Gesetz vom 11. Dezember 1998, sowie die Anti-Spam-Bestimmungen aus Buch XII des Wirtschaftsgesetzbuchs \u00fcber das \u201eRecht der elektronischen Wirtschaft\u201c.<\/li>\n<\/ol>\n<\/li>\n<\/ol>\n\n<ol class=\"wp-block-list\">\n<li>\n<ol start=\"2\" class=\"wp-block-list\">\n<li>La famille Victor h\u00e4lt sich mittels der vorliegenden Datenschutzrichtlinie auch an die Europ\u00e4ische Verordnung 2016\/679 vom 27. April 2016 zum Schutz personenbezogener Daten.<\/li>\n<\/ol>\n<\/li>\n<\/ol>\n\n<ol class=\"wp-block-list\">\n<li>\n<ol start=\"3\" class=\"wp-block-list\">\n<li>Der Verantwortliche f\u00fcr die Verarbeitung Ihrer personenbezogenen Daten ist La famille Victor. Bez\u00fcglich der Verarbeitung Ihrer personenbezogenen Daten wurde eine Erkl\u00e4rung bei der Kommission f\u00fcr den Schutz der Privatsph\u00e4re abgegeben. <\/li>\n<\/ol>\n<\/li>\n<\/ol>\n\n<p class=\"wp-block-paragraph\"><br\/><br\/><strong>Artikel 2 \u2013 Personenbezogene Daten<\/strong><br\/><br\/>2.1. Personenbezogene Daten, die Sie uns mitteilen:<\/p>\n\n<ul class=\"wp-block-list\">\n<li><strong>Kategorie 1,<\/strong> ohne Registrierung: Ihre IP-Adresse;<\/li>\n\n\n\n<li><strong>Kategorie 2<\/strong>: Ihr Profilname, Passwort, E-Mail-Adresse, Login-Daten<\/li>\n\n\n\n<li><strong>Kategorie 3<\/strong>: bei Anmeldung zu unserem Newsletter: Ihre E-Mail-Adresse;<\/li>\n\n\n\n<li><strong>Kategorie 4<\/strong>: \u00fcber Cookies: <em>Session ID<\/em> und <em>wordfence_verifiedHuman<\/em>;<\/li>\n\n\n\n<li><strong>Kategorie 5<\/strong>: Ihre Adressdaten anl\u00e4sslich einer Bestellung.<\/li>\n<\/ul>\n\n<p class=\"wp-block-paragraph\"><br\/>2.2. Fibre Mood kann auf verschiedene Weise personenbezogene Daten von Ihnen erfassen:<br\/><br\/>a. durch Verwendung von Cookies (siehe unten);<br\/>b. w\u00e4hrend Ihrer Registrierung und Nutzung der Website; <br\/><br\/>2.3. Die Website verwendet auch Cookies, die eine Reihe personenbezogener Daten sammeln. F\u00fcr die Bestimmungen zur Verwendung von Cookies siehe Artikel 9. <br\/><br\/><br\/><strong>Artikel 3 \u2013 Zwecke der Verarbeitung<\/strong><br\/><br\/>3.1. Allgemeine Zwecke:<br\/><br\/> La famille Victor wird die von Ihnen erfassten personenbezogenen Daten ausschlie\u00dflich f\u00fcr die folgenden Zwecke verwenden:<\/p>\n\n<ul class=\"wp-block-list\">\n<li><strong>Kategorie 1<\/strong>: die Pflege und Verbesserung dieser Website und die Aufnahme von personenbezogenen Daten in anonyme Statistiken, aus denen die Identit\u00e4t bestimmter Personen oder Unternehmen nicht ermittelt werden kann, mit der Rechtsgrundlage der legitimen Interessen von La famille Victor, ihre Website und Dienstleistungen kontinuierlich zu verbessern;<\/li>\n<\/ul>\n\n<ul class=\"wp-block-list\">\n<li><strong>Kategorie 2<\/strong>: die Verwaltung Ihres Kontos auf dieser Website im Hinblick auf die Nutzung unseres Unternehmens und unserer Website, mit der Rechtsgrundlage der Erf\u00fcllung eines von Ihnen angeforderten Vertrags und, falls von Ihnen angegeben, auch die Zusendung von Direktmarketing, mit der Rechtsgrundlage Ihrer ausdr\u00fccklichen, vorherigen Zustimmung;<\/li>\n<\/ul>\n\n<ul class=\"wp-block-list\">\n<li><strong>Kategorie 3:<\/strong> die Zusendung von Direktmarketing, Newslettern, Aktionen und Promotionen an Sie, mit der Rechtsgrundlage Ihrer ausdr\u00fccklichen, vorherigen Zustimmung;<\/li>\n<\/ul>\n\n<ul class=\"wp-block-list\">\n<li><strong>Kategorie 4:<\/strong> (Zwecke Cookies), mit der Rechtsgrundlage Ihrer ausdr\u00fccklichen, vorherigen Zustimmung;<\/li>\n<\/ul>\n\n<ul class=\"wp-block-list\">\n<li><strong>Kategorie 5<\/strong>: die Lieferung und Fakturierung der von Ihnen bestellten Produkte, mit der Rechtsgrundlage der Erbringung einer von Ihnen angeforderten Dienstleistung.<\/li>\n<\/ul>\n\n<p class=\"wp-block-paragraph\"><br\/>Sie sind nicht verpflichtet, Ihre personenbezogenen Daten preiszugeben, verstehen aber, dass die Erbringung bestimmter Dienstleistungen unm\u00f6glich wird, wenn Sie die Verarbeitung ablehnen.<br\/><br\/>3.2. Direktmarketing:<br\/><br\/>Die personenbezogenen Daten werden auch f\u00fcr Direktmarketing verwendet, sofern Sie hierf\u00fcr eine zus\u00e4tzliche ausdr\u00fcckliche Einwilligung erteilt haben (\u201eOpt-in\u201c).<br\/><br\/>Wenn Sie bereits in unserer Versandliste f\u00fcr den Erhalt von Marketingmaterial in elektronischer Form enthalten sind, kann La famille VIctor Ihre Daten f\u00fcr den Versand von Marketing- und anderem Material in Bezug auf La famille Victor, ihre Produkte und\/oder Dienstleistungen verwenden. La famille Victor kann die von Ihnen bereitgestellten Daten verwenden, um von La famille Victor gespeicherte Dokumente zu aktualisieren. <br\/><br\/>Diese Einwilligung kann jederzeit ohne Angabe von Gr\u00fcnden und kostenlos widerrufen werden, indem Sie beispielsweise auf den daf\u00fcr vorgesehenen Abmeldelink unten in jeder Werbe-E-Mail klicken.<br\/><br\/>3.3. Weitergabe an Dritte:<br\/><br\/> Bei einer vollst\u00e4ndigen oder teilweisen Reorganisation oder \u00dcbertragung von Aktivit\u00e4ten von La famille Victor, bei der sie ihre Gesch\u00e4ftsaktivit\u00e4ten reorganisiert, \u00fcbertr\u00e4gt, einstellt oder wenn La famille Victor in Konkurs geht, kann dies bedeuten, dass Ihre Daten an neue Einheiten oder Dritte \u00fcbertragen werden, \u00fcber die die Gesch\u00e4ftsaktivit\u00e4ten von La famille Victor ganz oder teilweise ausgef\u00fchrt werden.<br\/><br\/> La famille Victor wird in angemessener Weise versuchen, Sie im Voraus dar\u00fcber zu informieren, dass La famille Victor Ihre Daten dem genannten Dritten bekannt gibt, aber Sie erkennen auch an, dass dies nicht unter allen Umst\u00e4nden technisch oder kommerziell machbar ist.<br\/><br\/> La famille Victor wird Ihre personenbezogenen Daten weder verkaufen noch vermieten, verteilen oder anderweitig kommerziell Dritten zur Verf\u00fcgung stellen, au\u00dfer wie oben beschrieben oder es sei denn mit Ihrer vorherigen Zustimmung.<br\/><br\/>3.4. Gesetzliche Anforderungen:<br\/><br\/> In seltenen F\u00e4llen kann es vorkommen, dass La famille Victor Ihre personenbezogenen Daten aufgrund einer gerichtlichen Anordnung oder zur Erf\u00fcllung anderer zwingender Gesetze oder Vorschriften offenlegen muss. La famille Victor wird in angemessener Weise versuchen, Sie im Voraus dar\u00fcber zu informieren, es sei denn, dem stehen gesetzliche Beschr\u00e4nkungen entgegen. <br\/><br\/><strong>Artikel 4 \u2013 Dauer der Verarbeitung<\/strong><br\/><br\/> Die personenbezogenen Daten werden von uns f\u00fcr einen Zeitraum gespeichert und verarbeitet, der in Funktion der Zwecke der Verarbeitung und in Funktion der vertraglichen Beziehung zwischen La famille Victor und Ihnen erforderlich ist. Wenn es nach 3 Jahren keine Kommunikation mehr gibt, wird Ihr Kundenprofil gel\u00f6scht.<br\/><br\/><strong>Artikel 5 \u2013 Ihre Rechte<\/strong><br\/><br\/>5.1. Recht auf Zugang und Einsicht:<br\/><br\/> Sie haben das Recht, jederzeit kostenlos Kenntnis von Ihren personenbezogenen Daten sowie von der Verwendung zu nehmen, die wir von Ihren personenbezogenen Daten machen.<br\/><br\/>5.2. Recht auf Berichtigung, L\u00f6schung und Einschr\u00e4nkung:<br\/><br\/> Es steht Ihnen frei, La famille Victor Ihre personenbezogenen Daten mitzuteilen oder nicht. Dar\u00fcber hinaus haben Sie jederzeit das Recht, uns aufzufordern, Ihre personenbezogenen Daten zu berichtigen, zu erg\u00e4nzen oder zu l\u00f6schen. Sie erkennen an, dass bei Verweigerung der Mitteilung oder Aufforderung zur L\u00f6schung personenbezogener Daten bestimmte Dienstleistungen und Produkte nicht lieferbar sind.  <br\/><br\/> Sie k\u00f6nnen auch die Einschr\u00e4nkung der Verarbeitung Ihrer personenbezogenen Daten verlangen.<br\/><br\/>5.3. Recht auf Widerspruch:<br\/><br\/> Sie haben auch ein Recht auf Widerspruch gegen die Verarbeitung Ihrer personenbezogenen Daten aus schwerwiegenden und legitimen Gr\u00fcnden.<br\/><br\/>Dar\u00fcber hinaus haben Sie jederzeit das Recht, der Verwendung von personenbezogenen Daten f\u00fcr Zwecke des Direktmarketings zu widersprechen; in diesem Fall m\u00fcssen Sie keine Gr\u00fcnde angeben.<br\/><br\/>5.4. Recht auf freie Daten\u00fcbertragung:<br\/><br\/> Sie haben das Recht, Ihre personenbezogenen Daten, die von uns verarbeitet werden, in einer strukturierten, g\u00e4ngigen und von Computern lesbaren Form zu erhalten und\/oder an andere Verantwortliche zu \u00fcbertragen.<br\/><br\/>5.5. Recht auf Widerruf der Einwilligung:<br\/><br\/> Soweit die Verarbeitung auf Ihrer vorherigen Einwilligung beruht, haben Sie das Recht, diese Einwilligung zu widerrufen.<br\/><br\/>5.6. Aus\u00fcbung Ihrer Rechte:<br\/><br\/>Sie k\u00f6nnen Ihre Rechte aus\u00fcben, indem Sie uns diesbez\u00fcglich kontaktieren, entweder per E-Mail an <a href=\"mailto:info@viswijf.be\">info@viswijf.be<\/a>, per Post an <em>La famille Victor, Victor Braeckmanlaan 130, 9040 Gent<\/em>, unter Beif\u00fcgung einer Kopie Ihres Personalausweises.<br\/><br\/>5.7. Automatische Entscheidungen und Profiling:<br\/>                        <br\/> Die Verarbeitung Ihrer personenbezogenen Daten umfasst kein Profiling, und Sie werden von uns auch keinen automatisierten Entscheidungen unterworfen.<br\/><br\/>5.8. Recht auf Beschwerde:<br\/><br\/> Sie haben das Recht, eine Beschwerde bei der belgischen Datenschutzkommission einzureichen: Kommission f\u00fcr den Schutz der Privatsph\u00e4re, Drukpersstraat 35, 1000 Br\u00fcssel, Tel. +32 (0)2 274 48 00, Fax +32 (0)2 274 48 35, E-Mail: <a href=\"mailto:commission@privacycommission.be\">commission@privacycommission.be<\/a>.<br\/><br\/>Dies l\u00e4sst eine Klage vor einem Zivilgericht unber\u00fchrt.<br\/><br\/> Wenn Sie aufgrund der Verarbeitung Ihrer personenbezogenen Daten einen Schaden erleiden sollten, k\u00f6nnen Sie eine Klage auf Schadensersatz erheben.<br\/><br\/><strong>Artikel 6 \u2013 Sicherheit und Vertraulichkeit<\/strong><br\/><br\/>6.1. Wir haben Sicherheitsma\u00dfnahmen entwickelt, die auf technischer und organisatorischer Ebene angepasst sind, um die Vernichtung, den Verlust, die F\u00e4lschung, die \u00c4nderung, den unbefugten Zugriff oder die versehentliche Bekanntgabe an Dritte von gesammelten personenbezogenen Daten sowie jede andere nicht zul\u00e4ssige Verarbeitung dieser Daten zu vermeiden.<br\/><br\/>6.2. In keinem Fall kann La famille Victor f\u00fcr direkte oder indirekte Sch\u00e4den haftbar gemacht werden, die sich aus einer fehlerhaften oder unrechtm\u00e4\u00dfigen Verwendung der personenbezogenen Daten durch einen Dritten ergeben.<br\/><br\/>6.3. Sie m\u00fcssen jederzeit die Sicherheitsvorschriften einhalten, unter anderem, indem Sie jeden unbefugten Zugriff auf Ihr Login und Ihren Code verhindern. Sie sind daher allein verantwortlich f\u00fcr die Nutzung, die von der Website von Ihrem Computer, Ihrer IP-Adresse und Ihren Identifikationsdaten aus erfolgt, sowie f\u00fcr deren Vertraulichkeit. <br\/><br\/><br\/><strong>Artikel 7 \u2013 Zugriff durch Dritte<\/strong><\/p>\n\n<ol class=\"wp-block-list\">\n<li>\n<ol class=\"wp-block-list\">\n<li>Um Ihre personenbezogenen Daten verarbeiten zu k\u00f6nnen, gew\u00e4hren wir unseren Mitarbeitern Zugriff auf Ihre personenbezogenen Daten.<\/li>\n<\/ol>\n<\/li>\n<\/ol>\n\n<ol class=\"wp-block-list\">\n<li>\n<ol start=\"2\" class=\"wp-block-list\">\n<li>Wir gew\u00e4hrleisten ein \u00e4hnliches Schutzniveau, indem wir diesen Mitarbeitern und Beauftragten vertragliche Verpflichtungen auferlegen, die dieser Datenschutzrichtlinie \u00e4hnlich sind.<\/li>\n<\/ol>\n<\/li>\n<\/ol>\n\n<p class=\"wp-block-paragraph\"><br\/><strong>Artikel 8 \u2013 Meldung an die Datenschutzkommission<\/strong><br\/><br\/>F\u00fcr diese Verarbeitung personenbezogener Daten wurde eine Meldung an die Kommission f\u00fcr den Schutz der Privatsph\u00e4re gemacht. Sie k\u00f6nnen sich jederzeit an diese Kommission unter folgenden Adressen wenden: <br\/><br\/>Kommission f\u00fcr den Schutz der Privatsph\u00e4re<br\/>Drukpersstraat 35<br\/>1000 Br\u00fcssel<br\/> +32 (0)2 274 48 00<br\/> +32 (0)2 274 48 35<br\/> commission@privacycommission.be<br\/><br\/><strong>Artikel 9 \u2013 Cookies<\/strong><br\/><br\/>9.1. Was sind Cookies?<br\/><br\/>Ein \u201eCookie\u201c ist eine kleine Datei, die vom Server von La famille Victor gesendet und auf der Festplatte Ihres Computers platziert wird. Die in diesen Cookies gespeicherten Informationen k\u00f6nnen nur von uns und nur f\u00fcr die Dauer des Besuchs der Website gelesen werden. <br\/><br\/>9.2. Warum verwenden wir Cookies?<br\/><br\/>Unsere Website verwendet Cookies und \u00e4hnliche Technologien, um Ihre Nutzungsvorlieben von denen anderer Benutzer unserer Website zu unterscheiden. Dies hilft uns, Ihnen eine bessere Benutzererfahrung zu bieten, wenn Sie unsere Website besuchen, und erm\u00f6glicht es uns auch, unsere Website zu optimieren. <br\/><br\/>Infolge neuerer Gesetzes\u00e4nderungen sind alle Websites, die sich an bestimmte Teile der Europ\u00e4ischen Union richten, verpflichtet, Ihre Zustimmung zur Verwendung oder Speicherung von Cookies und \u00e4hnlichen Technologien auf Ihren Computern oder Mobilger\u00e4ten einzuholen. Diese Cookie-Richtlinie gibt Ihnen klare und vollst\u00e4ndige Informationen \u00fcber die von uns verwendeten Cookies und deren Zweck. <br\/><br\/>9.3. Arten von Cookies:<br\/><br\/>Obwohl es verschiedene Arten von Cookies gibt, die sich in Funktionalit\u00e4t, Herkunft oder Speicherdauer unterscheiden, unterscheidet die Gesetzgebung haupts\u00e4chlich zwischen funktionalen oder technisch notwendigen Cookies einerseits und allen anderen Cookies andererseits.<br\/><br\/>Die Website verwendet ausschlie\u00dflich folgende Cookies:<br\/><br\/><strong><em>Funktionale Cookies<\/em><\/strong><\/p>\n\n<figure class=\"wp-block-table\"><table class=\"has-fixed-layout\"><tbody><tr><td><strong>Name<\/strong><\/td><td><strong>Herkunft<\/strong><\/td><td><strong>Funktion<\/strong><\/td><td><strong>Speicherdauer<\/strong><\/td><\/tr><tr><td><em>wordfence_verifiedHuman<\/em><\/td><td><em>WordPress<\/em><\/td><td><em>Um zu \u00fcberpr\u00fcfen, ob der Besucher eine Person und kein Roboter ist.<\/em><\/td><td><em>1 Tag<\/em><\/td><\/tr><tr><td><em>_ga<\/em><\/td><td><em>Google Analytics<\/em><\/td><td><em>Analysieren von allgemeinen Daten<\/em><\/td><td><em>2 Jahre<\/em><\/td><\/tr><\/tbody><\/table><\/figure>\n\n<p class=\"wp-block-paragraph\"><br\/><br\/><strong><em>Nicht-funktionale Cookies<\/em><\/strong><\/p>\n\n<figure class=\"wp-block-table\"><table class=\"has-fixed-layout\"><tbody><tr><td><strong>Name<\/strong><\/td><td><strong>Herkunft<\/strong><\/td><td><strong>Funktion<\/strong><\/td><td><strong>Speicherdauer<\/strong><\/td><\/tr><tr><td><em>Emarketeer<\/em><\/td><td><em>App emarketeer<\/em><\/td><td><em>Tracken von Besuchen auf unserer Website<\/em><\/td><td><em>2 Jahre<\/em><\/td><\/tr><\/tbody><\/table><\/figure>\n\n<p class=\"wp-block-paragraph\"><br\/>F\u00fcr Cookies, die von Dritten platziert werden (u. a. Google Analytics), verweisen wir Sie gerne auf die Erkl\u00e4rungen, die diese Parteien auf ihren jeweiligen Websites dazu abgeben. Bitte beachten Sie: Wir haben keinerlei Einfluss auf den Inhalt dieser Erkl\u00e4rungen, noch auf den Inhalt der Cookies dieser dritten Parteien: <a href=\"https:\/\/developers.google.com\/analytics\/resources\/concepts\/gaConceptsCookies\">Google Analytics cookie<\/a>s <br\/><br\/>9.4. Ihre Zustimmung:<br\/><br\/>Bei Ihrem ersten Besuch auf unserer Website werden Sie gebeten, unsere verschiedenen Arten von Cookies zu akzeptieren. Sie k\u00f6nnen Cookies kategorieweise zulassen oder ablehnen. Sie k\u00f6nnen die Cookie-Einstellungen f\u00fcr unsere Website jederzeit \u00fcber den Hyperlink unten auf unserer Website \u00e4ndern und somit Ihre Einwilligung widerrufen.  <br\/><br\/>Sie k\u00f6nnen die Installation dieser Cookies ablehnen, indem Sie bei der ersten Nutzung der Website im angebotenen Pop-up-Fenster \u201eCookies ablehnen\u201c w\u00e4hlen.<br\/><br\/>Sie k\u00f6nnen Cookies auch ablehnen oder blockieren, indem Sie die Konfigurationsparameter Ihres Navigationssystems \u00e4ndern. Das Deaktivieren von Cookies kann bedeuten, dass Sie bestimmte Funktionen der Website nicht nutzen k\u00f6nnen. <br\/><br\/>Sollten Sie weitere Fragen oder Anmerkungen zur Verarbeitung Ihrer personenbezogenen Daten haben, nehmen Sie bitte Kontakt mit uns auf, entweder per E-Mail an info@viswijf.com per Post an <em>La famille Victor, Victor Braeckmanlaan 130, 9040 Gent<\/em>.<br\/><br\/>Weitere Informationen \u00fcber Cookies finden Sie auch unter: <a href=\"http:\/\/www.allaboutcookies.org\/\">http:\/\/www.allaboutcookies.org\/<\/a><br\/>Weitere Informationen \u00fcber Online Behavioral Advertising und Online-Datenschutz finden Sie hier: <a href=\"http:\/\/www.youronlinechoices.eu\/\">http:\/\/www.youronlinechoices.eu\/<\/a><\/p>\n\n<p class=\"wp-block-paragraph\">Kontaktieren Sie uns unter {email} f\u00fcr Fragen im Zusammenhang mit R\u00fcckerstattungen und R\u00fccksendungen.<\/p>\n","protected":false},"excerpt":{"rendered":"<p>Diese \u201eDatenschutz- und Cookie-Richtlinie\u201c regelt die Verarbeitung Ihrer personenbezogenen Daten durch den Verantwortlichen f\u00fcr die Verarbeitung: La famille Victor gcv, Victor Braeckmanlaan 130, 9040 Sint-Amandsberg, BE0835.245.620 (im Folgenden: \u201eLa famille Victor\u201c). Bitte lesen Sie diese Datenschutz- und Cookie-Richtlinie sorgf\u00e4ltig durch, da sie wichtige Informationen dar\u00fcber enth\u00e4lt, wie Ihre personenbezogenen Daten verarbeitet werden und welche Cookies [&hellip;]<\/p>\n","protected":false},"author":1,"featured_media":0,"parent":0,"menu_order":0,"comment_status":"closed","ping_status":"closed","template":"","meta":{"_crdt_document":"","advanced_seo_description":"","jetpack_seo_html_title":"","jetpack_seo_noindex":false,"footnotes":""},"class_list":["post-1318","page","type-page","status-publish","hentry"],"jetpack_sharing_enabled":true,"jetpack_likes_enabled":true,"jetpack_shortlink":"https:\/\/wp.me\/PgKvpN-lg","_links":{"self":[{"href":"https:\/\/viswijf.com\/de\/wp-json\/wp\/v2\/pages\/1318","targetHints":{"allow":["GET"]}}],"collection":[{"href":"https:\/\/viswijf.com\/de\/wp-json\/wp\/v2\/pages"}],"about":[{"href":"https:\/\/viswijf.com\/de\/wp-json\/wp\/v2\/types\/page"}],"author":[{"embeddable":true,"href":"https:\/\/viswijf.com\/de\/wp-json\/wp\/v2\/users\/1"}],"replies":[{"embeddable":true,"href":"https:\/\/viswijf.com\/de\/wp-json\/wp\/v2\/comments?post=1318"}],"version-history":[{"count":2,"href":"https:\/\/viswijf.com\/de\/wp-json\/wp\/v2\/pages\/1318\/revisions"}],"predecessor-version":[{"id":1320,"href":"https:\/\/viswijf.com\/de\/wp-json\/wp\/v2\/pages\/1318\/revisions\/1320"}],"wp:attachment":[{"href":"https:\/\/viswijf.com\/de\/wp-json\/wp\/v2\/media?parent=1318"}],"curies":[{"name":"wp","href":"https:\/\/api.w.org\/{rel}","templated":true}]}}