{"id":1288,"date":"2025-09-01T14:11:56","date_gmt":"2025-09-01T12:11:56","guid":{"rendered":"https:\/\/viswijf.com\/allgemeine-geschaeftsbedingungen\/"},"modified":"2025-09-16T09:58:12","modified_gmt":"2025-09-16T07:58:12","slug":"allgemeine-geschaeftsbedingungen","status":"publish","type":"page","link":"https:\/\/viswijf.com\/de\/allgemeine-geschaeftsbedingungen\/","title":{"rendered":"Allgemeine Gesch\u00e4ftsbedingungen"},"content":{"rendered":"\n<p class=\"wp-block-paragraph\"><strong>Allgemeine Gesch\u00e4ftsbedingungen<\/strong><br\/><br\/><strong>ARTIKEL 1 &#8211; DEFINITIONEN<\/strong><br\/><br\/>In diesen Bedingungen gelten folgende Definitionen:<br\/><br\/><em>Zusatzvereinbarung<\/em>: eine Vereinbarung, bei der der Verbraucher Produkte, digitale Inhalte und\/oder Dienstleistungen im Zusammenhang mit einem Fernabsatzvertrag erwirbt und diese Sachen, digitalen Inhalte und\/oder Dienstleistungen vom Unternehmer oder von einem Dritten auf der Grundlage einer Vereinbarung zwischen diesem Dritten und dem Unternehmer geliefert werden;<br\/><br\/><em>Bedenkzeit:<\/em> der Zeitraum, innerhalb dessen der Verbraucher von seinem Widerrufsrecht Gebrauch machen kann;<br\/><br\/><em>Verbraucher:<\/em> die nat\u00fcrliche Person, die nicht f\u00fcr Zwecke handelt, die im Zusammenhang mit ihrer Handels-, Gesch\u00e4fts-, Handwerks- oder Berufst\u00e4tigkeit stehen;<br\/><br\/><em>Tag:<\/em> Kalendertag;<br\/><br\/><em>Digitale Inhalte:<\/em> Daten, die in digitaler Form produziert und geliefert werden;<br\/><br\/><em>Dauerschuldverh\u00e4ltnis:<\/em> eine Vereinbarung, die auf die regelm\u00e4\u00dfige Lieferung von Sachen, Dienstleistungen und\/oder digitalen Inhalten w\u00e4hrend eines bestimmten Zeitraums abzielt;<br\/><br\/><em>Dauerhafter Datentr\u00e4ger:<\/em> jedes Mittel \u2013 einschlie\u00dflich E-Mail \u2013, das es dem Verbraucher oder Unternehmer erm\u00f6glicht, an ihn pers\u00f6nlich gerichtete Informationen so zu speichern, dass eine zuk\u00fcnftige Einsichtnahme oder Nutzung w\u00e4hrend eines Zeitraums m\u00f6glich ist, der auf den Zweck abgestimmt ist, f\u00fcr den die Informationen bestimmt sind, und die eine unver\u00e4nderte Wiedergabe der gespeicherten Informationen erm\u00f6glicht;<br\/><br\/><em>Widerrufsrecht:<\/em> die M\u00f6glichkeit des Verbrauchers, innerhalb der Bedenkzeit von dem Fernabsatzvertrag zur\u00fcckzutreten;<br\/><br\/><em>Unternehmer:<\/em> die nat\u00fcrliche oder juristische Person, die Verbrauchern im Fernabsatz Produkte, (Zugang zu) digitale Inhalte und\/oder Dienstleistungen anbietet;<br\/><br\/><em>Fernabsatzvertrag:<\/em> ein Vertrag, der zwischen dem Unternehmer und dem Verbraucher im Rahmen eines organisierten Systems f\u00fcr den Fernabsatz von Produkten, digitalen Inhalten und\/oder Dienstleistungen geschlossen wird, wobei bis einschlie\u00dflich des Vertragsabschlusses ausschlie\u00dflich oder teilweise eine oder mehrere Techniken f\u00fcr die Fernkommunikation verwendet werden;<br\/><br\/><em>Technik f\u00fcr die Fernkommunikation:<\/em> Mittel, das f\u00fcr den Abschluss eines Vertrags verwendet werden kann, ohne dass Verbraucher und Unternehmer gleichzeitig im selben Raum zusammengekommen sind.<br\/><br\/><br\/><strong>ARTIKEL 2 &#8211; IDENTIT\u00c4T DES UNTERNEHMERS<\/strong><br\/><br\/>Name des Unternehmers und Sitz:<br\/><br\/>Viswijf \/ La famille Victor gcv<br\/><br\/>Victor Braeckmanlaan 130<br\/>9040 Sint-Amandsberg<br\/>info@viswijf.be<br\/>MwSt.: BE 0835.245.620<br\/><br\/><strong>ARTIKEL 3 \u2013 ANWENDBARKEIT<\/strong> <br\/><br\/>1. Diese Allgemeinen Gesch\u00e4ftsbedingungen gelten f\u00fcr jedes Angebot des Unternehmers und f\u00fcr jeden zustande gekommenen Fernabsatzvertrag zwischen Unternehmer und Verbraucher.<br\/>2. Vor dem Abschluss des Fernabsatzvertrags wird dem Verbraucher der Text dieser Allgemeinen Gesch\u00e4ftsbedingungen zur Verf\u00fcgung gestellt. Ist dies vern\u00fcnftigerweise nicht m\u00f6glich, so wird der Unternehmer vor dem Abschluss des Fernabsatzvertrags angeben, dass die Allgemeinen Gesch\u00e4ftsbedingungen beim Unternehmer eingesehen werden k\u00f6nnen und sie dem Verbraucher auf dessen Verlangen so schnell wie m\u00f6glich kostenlos zugesandt werden.<br\/>3. Wird der Fernabsatzvertrag auf elektronischem Wege geschlossen, so kann abweichend vom vorstehenden Absatz und vor dem Abschluss des Fernabsatzvertrags der Text dieser Allgemeinen Gesch\u00e4ftsbedingungen dem Verbraucher auf elektronischem Wege in der Weise zur Verf\u00fcgung gestellt werden, dass dieser vom Verbraucher auf einfache Weise auf einem dauerhaften Datentr\u00e4ger gespeichert werden kann. Ist dies vern\u00fcnftigerweise nicht m\u00f6glich, so wird vor dem Abschluss des Fernabsatzvertrags angegeben, wo die Allgemeinen Gesch\u00e4ftsbedingungen auf elektronischem Wege eingesehen werden k\u00f6nnen und dass sie dem Verbraucher auf dessen Verlangen auf elektronischem Wege oder auf andere Weise kostenlos zugesandt werden.<br\/>4. F\u00fcr den Fall, dass neben diesen Allgemeinen Gesch\u00e4ftsbedingungen auch spezifische Produkt- oder Dienstleistungsbedingungen gelten, finden der zweite und dritte Absatz entsprechende Anwendung und kann sich der Verbraucher im Falle widerspr\u00fcchlicher Allgemeiner Gesch\u00e4ftsbedingungen stets auf die f\u00fcr ihn g\u00fcnstigste anwendbare Bestimmung berufen.  <br\/><br\/><strong>ARTIKEL 4 &#8211; DAS ANGEBOT<\/strong> <br\/><br\/>1. Wenn ein Angebot eine begrenzte G\u00fcltigkeitsdauer hat oder unter Bedingungen erfolgt, wird dies im Angebot ausdr\u00fccklich angegeben.<br\/>2. Das Angebot enth\u00e4lt eine vollst\u00e4ndige und genaue Beschreibung der angebotenen Produkte, digitalen Inhalte und\/oder Dienstleistungen. Die Beschreibung ist ausreichend detailliert, um eine gute Beurteilung des Angebots durch den Verbraucher zu erm\u00f6glichen. Wenn der Unternehmer Abbildungen verwendet, sind diese eine wahrheitsgetreue Wiedergabe der angebotenen Produkte, Dienstleistungen und\/oder digitalen Inhalte. Offensichtliche Irrt\u00fcmer oder offensichtliche Fehler im Angebot binden den Unternehmer nicht.<br\/>3. Jedes Angebot enth\u00e4lt solche Informationen, dass f\u00fcr den Verbraucher klar ist, welche Rechte und Pflichten mit der Annahme des Angebots verbunden sind.   <br\/><br\/><strong>ARTIKEL 5 &#8211; DER VERTRAG<\/strong> <br\/><br\/>1. Der Vertrag kommt, vorbehaltlich der Bestimmungen in Absatz 4, zum Zeitpunkt der Annahme des Angebots durch den Verbraucher und der Erf\u00fcllung der dabei gestellten Bedingungen zustande.<br\/>2. Wenn der Verbraucher das Angebot auf elektronischem Wege angenommen hat, best\u00e4tigt der Unternehmer unverz\u00fcglich auf elektronischem Wege den Empfang der Annahme des Angebots. Solange der Empfang dieser Annahme nicht durch den Unternehmer best\u00e4tigt wurde, kann der Verbraucher den Vertrag aufl\u00f6sen.<br\/>3. Wenn der Vertrag elektronisch zustande kommt, trifft der Unternehmer geeignete technische und organisatorische Ma\u00dfnahmen zur Sicherung der elektronischen \u00dcbertragung von Daten und sorgt er f\u00fcr eine sichere Webumgebung. Wenn der Verbraucher elektronisch bezahlen kann, wird der Unternehmer dazu geeignete Sicherheitsma\u00dfnahmen beachten.<br\/>4. Der Unternehmer kann sich &#8211; im Rahmen der gesetzlichen Bestimmungen &#8211; dar\u00fcber informieren, ob der Verbraucher seinen Zahlungsverpflichtungen nachkommen kann, sowie \u00fcber all jene Fakten und Faktoren, die f\u00fcr einen verantwortungsvollen Abschluss des Fernabsatzvertrags von Bedeutung sind. Wenn der Unternehmer aufgrund dieser Untersuchung gute Gr\u00fcnde hat, den Vertrag nicht einzugehen, ist er berechtigt, eine Bestellung oder Anfrage motiviert abzulehnen oder an die Ausf\u00fchrung besondere Bedingungen zu kn\u00fcpfen.<br\/>5. Der Unternehmer wird sp\u00e4testens bei Lieferung des Produkts, der Dienstleistung oder des digitalen Inhalts an den Verbraucher die folgenden Informationen, schriftlich oder auf solche Weise, dass diese vom Verbraucher auf zug\u00e4ngliche Weise auf einem dauerhaften Datentr\u00e4ger gespeichert werden k\u00f6nnen, mitsenden:<br\/>a. die Besuchsadresse der Niederlassung des Unternehmers, an die sich der Verbraucher mit Beschwerden wenden kann;    <br\/>b. die Bedingungen, unter denen und die Weise, in der der Verbraucher von dem Widerrufsrecht Gebrauch machen kann, oder eine deutliche Meldung \u00fcber den Ausschluss des Widerrufsrechts;<br\/>c. die Informationen \u00fcber Garantien und bestehende Serviceleistungen nach dem Kauf;<br\/>d. der Preis einschlie\u00dflich aller Steuern des Produkts, der Dienstleistung oder des digitalen Inhalts; soweit zutreffend die Kosten der Lieferung; und die Weise der Bezahlung, Lieferung oder Ausf\u00fchrung des Fernabsatzvertrags;<br\/>e. die Voraussetzungen f\u00fcr die K\u00fcndigung des Vertrags, wenn der Vertrag eine Dauer von mehr als einem Jahr oder von unbestimmter Dauer hat.<br\/>f. wenn der Verbraucher ein Widerrufsrecht hat, das Musterformular f\u00fcr den Widerruf.<br\/>6. Im Falle eines Dauerschuldverh\u00e4ltnisses findet die Bestimmung im vorigen Absatz nur auf die erste Lieferung Anwendung.<br\/><br\/><strong>ARTIKEL 6 &#8211; WIDERRUFSRECHT<\/strong> <br\/><br\/><em>Bei Dienstleistungen und digitalen Inhalten, die nicht auf einem materiellen Datentr\u00e4ger geliefert werden:<\/em><br\/>1. Der Verbraucher kann einen Dienstleistungsvertrag und einen Vertrag zur Lieferung von digitalen Inhalten, die nicht auf einem materiellen Datentr\u00e4ger geliefert werden, w\u00e4hrend mindestens 14 Tagen ohne Angabe von Gr\u00fcnden aufl\u00f6sen. Der Unternehmer darf den Verbraucher nach dem Grund des Widerrufs fragen, ihn aber nicht zur Angabe seiner Gr\u00fcnde verpflichten.<br\/>2. Die genannte Bedenkzeit beginnt an dem Tag, der auf den Abschluss des Vertrags folgt. <br\/><br\/><em>Verl\u00e4ngertes Widerrufsrecht f\u00fcr Produkte, Dienstleistungen und digitale Inhalte, die nicht auf einem materiellen Datentr\u00e4ger geliefert wurden, wenn nicht \u00fcber das Widerrufsrecht informiert wurde:<\/em><br\/>3. Hat der Unternehmer dem Verbraucher die gesetzlich vorgeschriebenen Informationen \u00fcber das Widerrufsrecht oder das Muster-Widerrufsformular nicht zur Verf\u00fcgung gestellt, so l\u00e4uft die Widerrufsfrist zw\u00f6lf Monate nach dem Ende der urspr\u00fcnglichen, gem\u00e4\u00df den vorstehenden Abs\u00e4tzen dieses Artikels festgelegten Widerrufsfrist ab.<br\/>4. Wenn der Unternehmer dem Verbraucher die im vorigen Absatz genannten Informationen innerhalb von zw\u00f6lf Monaten nach dem Eingangsdatum der urspr\u00fcnglichen Bedenkzeit erteilt hat, verstreicht die Bedenkzeit 14 Tage nach dem Tag, an dem der Verbraucher diese Informationen erhalten hat.<br\/><br\/><br\/><strong>ARTIKEL 7 &#8211; AUS\u00dcBUNG DES WIDERRUFSRECHTS DURCH DEN VERBRAUCHER<\/strong><br\/><br\/>1. Wenn der Verbraucher von seinem Widerrufsrecht Gebrauch macht, meldet er dies innerhalb der Bedenkzeit auf unmissverst\u00e4ndliche Weise dem Unternehmer.<br\/>2. So schnell wie m\u00f6glich, aber innerhalb von 14 Tagen ab dem Tag, der auf die in Absatz 1 genannte Meldung folgt, sendet der Verbraucher das Produkt zur\u00fcck,<br\/>3. Das Risiko und die Beweislast f\u00fcr die richtige und rechtzeitige Aus\u00fcbung des Widerrufsrechts liegt beim Verbraucher.<br\/>4. Wenn der Verbraucher von seinem Widerrufsrecht Gebrauch macht, werden alle zus\u00e4tzlichen Vereinbarungen von Rechts wegen aufgel\u00f6st.<br\/><br\/><strong>ARTIKEL 8 &#8211; PFLICHTEN DES UNTERNEHMERS BEI WIDERRUF<\/strong> <br\/><br\/>1. Wenn der Unternehmer die Meldung des Widerrufs durch den Verbraucher auf elektronische Weise erm\u00f6glicht, sendet er nach Empfang dieser Meldung unverz\u00fcglich eine Empfangsbest\u00e4tigung.<br\/>2. Der Unternehmer erstattet alle Zahlungen des Verbrauchers unverz\u00fcglich, jedoch innerhalb von 14 Tagen nach dem Tag, an dem der Verbraucher ihm den Widerruf meldet.<br\/><br\/><strong>ARTIKEL 9 &#8211; DER PREIS<\/strong><br\/><br\/>1. W\u00e4hrend der im Angebot angegebenen G\u00fcltigkeitsdauer werden die Preise der angebotenen Produkte und\/oder Dienstleistungen nicht erh\u00f6ht, es sei denn, es handelt sich um Preis\u00e4nderungen infolge von \u00c4nderungen der Mehrwertsteuers\u00e4tze.<br\/>2. Abweichend vom vorigen Absatz kann der Unternehmer Produkte oder Dienstleistungen, deren Preise an Schwankungen auf dem Finanzmarkt gebunden sind und auf die der Unternehmer keinen Einfluss hat, mit variablen Preisen anbieten. Diese Gebundenheit an Schwankungen und die Tatsache, dass eventuell angegebene Preise Richtpreise sind, werden im Angebot angegeben.<br\/>3. Preiserh\u00f6hungen innerhalb von 3 Monaten nach dem Zustandekommen des Vertrags sind nur zul\u00e4ssig, wenn sie die Folge von gesetzlichen Regelungen oder Bestimmungen sind.<br\/>4. Preiserh\u00f6hungen ab 3 Monaten nach dem Zustandekommen des Vertrags sind nur zul\u00e4ssig, wenn der Unternehmer dies bedungen hat und:<br\/>a. diese die Folge von gesetzlichen Regelungen oder Bestimmungen sind; oder<br\/>b. der Verbraucher befugt ist, den Vertrag mit Wirkung von dem Tag zu k\u00fcndigen, an dem die Preiserh\u00f6hung in Kraft tritt.<br\/>5. Die im Angebot von Produkten oder Dienstleistungen genannten Preise sind einschlie\u00dflich Mehrwertsteuer.  <br\/><br\/><strong>ARTIKEL 10 &#8211; ERF\u00dcLLUNG DES VERTRAGS UND ZUS\u00c4TZLICHE GARANTIE<\/strong><br\/><br\/>1. Der Unternehmer steht daf\u00fcr ein, dass die Produkte und\/oder Dienstleistungen dem Vertrag, den im Angebot angegebenen Spezifikationen, den angemessenen Anforderungen an die Tauglichkeit und\/oder Brauchbarkeit und den am Tag des Zustandekommens des Vertrags bestehenden gesetzlichen Bestimmungen und\/oder beh\u00f6rdlichen Vorschriften entsprechen. Sofern vereinbart, steht der Unternehmer auch daf\u00fcr ein, dass das Produkt f\u00fcr eine andere als die normale Verwendung geeignet ist. <br\/>2. Eine von dem Unternehmer, dessen Zulieferer, Hersteller oder Importeur gew\u00e4hrte zus\u00e4tzliche Garantie beschr\u00e4nkt niemals die gesetzlichen Rechte und Anspr\u00fcche, die der Verbraucher aufgrund des Vertrags gegen\u00fcber dem Unternehmer geltend machen kann, wenn der Unternehmer in der Erf\u00fcllung seines Teils des Vertrags gescheitert ist.<br\/>3. Unter zus\u00e4tzlicher Garantie wird jede Verpflichtung des Unternehmers, dessen Zulieferers, Importeurs oder Produzenten verstanden, in der dieser dem Verbraucher bestimmte Rechte oder Anspr\u00fcche einr\u00e4umt, die \u00fcber das hinausgehen, wozu dieser gesetzlich verpflichtet ist, falls er in der Erf\u00fcllung seines Teils des Vertrags gescheitert ist.<br\/><br\/><strong>ARTIKEL 11 &#8211; LIEFERUNG UND AUSF\u00dcHRUNG<\/strong><br\/><br\/>1. Der Unternehmer wird bei der Entgegennahme und bei der Ausf\u00fchrung von Bestellungen von Produkten und bei der Beurteilung von Antr\u00e4gen zur Erbringung von Dienstleistungen die gr\u00f6\u00dftm\u00f6gliche Sorgfalt walten lassen.<br\/>2. Unter Beachtung des diesbez\u00fcglich in Artikel 4 dieser Allgemeinen Gesch\u00e4ftsbedingungen Angef\u00fchrten wird der Unternehmer akzeptierte Bestellungen mit z\u00fcgiger Geschwindigkeit, jedoch sp\u00e4testens innerhalb von 30 Tagen ausf\u00fchren, es sei denn, es wurde eine andere Lieferfrist vereinbart. Wenn die Zustellung eine Verz\u00f6gerung erf\u00e4hrt, oder wenn eine Bestellung nicht oder nur teilweise ausgef\u00fchrt werden kann, erh\u00e4lt der Verbraucher hiervon sp\u00e4testens 30 Tage, nachdem er die Bestellung platziert hat, eine Nachricht. Der Verbraucher hat in diesem Fall das Recht, den Vertrag ohne Kosten aufzul\u00f6sen und Recht auf eventuellen Schadenersatz.<br\/>3. Nach Aufl\u00f6sung gem\u00e4\u00df dem vorigen Absatz wird der Unternehmer den Betrag, den der Verbraucher bezahlt hat, unverz\u00fcglich zur\u00fcckzahlen.<br\/>4. Das Risiko der Besch\u00e4digung und\/oder des Verlusts von Produkten liegt bei dem Unternehmer bis zum Zeitpunkt der Zustellung an den Verbraucher oder einen zuvor bestimmten und dem Unternehmer bekannt gemachten Vertreter, es sei denn, es wurde ausdr\u00fccklich etwas anderes vereinbart.  <br\/><br\/><strong>ARTIKEL 12 \u2013 \u00c4NDERUNG DER BESTELLUNG<\/strong><br\/><br\/>Nachdem die Bestellung platziert wurde, ist es nicht mehr m\u00f6glich, diese zu \u00e4ndern.<br\/><br\/><strong>ARTIKEL 13 &#8211; BEZAHLUNG<\/strong> <br\/><br\/>1. Soweit nicht anders in dem Vertrag oder zus\u00e4tzlichen Bedingungen bestimmt ist, sind die von dem Verbraucher geschuldeten Betr\u00e4ge innerhalb von 14 Tagen nach dem Beginn der Bedenkzeit, oder bei dem Fehlen einer Bedenkzeit innerhalb von 14 Tagen nach dem Abschluss des Vertrags zu begleichen. Im Falle eines Vertrags zur Erbringung einer Dienstleistung beginnt diese Frist an dem Tag, nachdem der Verbraucher die Best\u00e4tigung des Vertrags erhalten hat. <br\/>2. Der Verbraucher hat die Pflicht, Unrichtigkeiten in erteilten oder angegebenen Bezahldaten unverz\u00fcglich dem Unternehmer zu melden.<br\/>3. Im Falle der Zahlungsunf\u00e4higkeit des Verbrauchers hat der Unternehmer, vorbehaltlich der gesetzlichen Beschr\u00e4nkungen, das Recht, die dem Verbraucher zuvor bekannt gemachten angemessenen Kosten in Rechnung zu stellen.<br\/>4. Wenn der Verbraucher seiner Zahlungsverpflichtung(en) nicht rechtzeitig nachkommt, ist dieser, nachdem er von dem Unternehmer auf die versp\u00e4tete Bezahlung hingewiesen wurde und der Unternehmer dem Verbraucher eine Frist von 14 Tagen gew\u00e4hrt hat, um seinen Zahlungsverpflichtungen alsnog nachzukommen, nach dem Ausbleiben der Bezahlung innerhalb dieser 14-Tage-Frist, \u00fcber den noch geschuldeten Betrag die gesetzlichen Zinsen schuldig und ist der Unternehmer berechtigt, die von ihm gemachten au\u00dfergerichtlichen Inkassokosten in Rechnung zu stellen.<br\/><br\/><strong>ARTIKEL 14 &#8211; BESCHWERDEREGELUNG<\/strong> <br\/><br\/>1. Der Unternehmer verf\u00fcgt \u00fcber ein ausreichend bekannt gemachtes Beschwerdeverfahren und behandelt die Beschwerde gem\u00e4\u00df diesem Beschwerdeverfahren.<br\/>2. Beschwerden \u00fcber die Ausf\u00fchrung des Vertrags m\u00fcssen innerhalb angemessener Zeit, nachdem der Verbraucher die M\u00e4ngel festgestellt hat, vollst\u00e4ndig und deutlich umschrieben bei dem Unternehmer eingereicht werden, nachdem der Verbraucher die M\u00e4ngel festgestellt hat.<br\/>3. Bei dem Unternehmer eingereichte Beschwerden werden innerhalb einer Frist von 14 Tagen, gerechnet ab dem Datum des Empfangs, beantwortet. Wenn eine Beschwerde eine vorhersehbar l\u00e4ngere Bearbeitungszeit erfordert, wird von dem Unternehmer innerhalb der Frist von 14 Tagen mit einer Nachricht des Empfangs und einer Indikation, wann der Verbraucher eine ausf\u00fchrlichere Antwort erwarten kann, geantwortet.<br\/>4. Wenn die Beschwerde nicht innerhalb einer angemessenen Frist oder innerhalb von 3 Monaten nach dem Einreichen der Beschwerde in gegenseitigem Einvernehmen gel\u00f6st werden kann, entsteht ein Streitfall, der f\u00fcr die Streitbeilegung empf\u00e4nglich ist. <br\/><br\/><strong>ARTIKEL 15 &#8211; STREITF\u00c4LLE<\/strong> <br\/><br\/>1. Auf Vertr\u00e4ge zwischen dem Unternehmer und dem Verbraucher, auf die diese Allgemeinen Gesch\u00e4ftsbedingungen Bezug haben, ist ausschlie\u00dflich belgisches Recht anwendbar. Soweit das anwendbare Recht dies zul\u00e4sst, sind im Falle eines Streits die H\u00f6fe und Gerichte in Gent zust\u00e4ndig. <\/p>\n","protected":false},"excerpt":{"rendered":"<p>Allgemeine Gesch\u00e4ftsbedingungen ARTIKEL 1 &#8211; DEFINITIONEN In diesen Bedingungen gelten folgende Definitionen: Zusatzvereinbarung: eine Vereinbarung, bei der der Verbraucher Produkte, digitale Inhalte und\/oder Dienstleistungen im Zusammenhang mit einem Fernabsatzvertrag erwirbt und diese Sachen, digitalen Inhalte und\/oder Dienstleistungen vom Unternehmer oder von einem Dritten auf der Grundlage einer Vereinbarung zwischen diesem Dritten und dem Unternehmer geliefert [&hellip;]<\/p>\n","protected":false},"author":270186349,"featured_media":0,"parent":0,"menu_order":0,"comment_status":"closed","ping_status":"closed","template":"","meta":{"_crdt_document":"","advanced_seo_description":"","jetpack_seo_html_title":"","jetpack_seo_noindex":false,"footnotes":""},"class_list":["post-1288","page","type-page","status-publish","hentry"],"jetpack_sharing_enabled":true,"jetpack_likes_enabled":true,"jetpack_shortlink":"https:\/\/wp.me\/PgKvpN-kM","_links":{"self":[{"href":"https:\/\/viswijf.com\/de\/wp-json\/wp\/v2\/pages\/1288","targetHints":{"allow":["GET"]}}],"collection":[{"href":"https:\/\/viswijf.com\/de\/wp-json\/wp\/v2\/pages"}],"about":[{"href":"https:\/\/viswijf.com\/de\/wp-json\/wp\/v2\/types\/page"}],"author":[{"embeddable":true,"href":"https:\/\/viswijf.com\/de\/wp-json\/wp\/v2\/users\/270186349"}],"replies":[{"embeddable":true,"href":"https:\/\/viswijf.com\/de\/wp-json\/wp\/v2\/comments?post=1288"}],"version-history":[{"count":2,"href":"https:\/\/viswijf.com\/de\/wp-json\/wp\/v2\/pages\/1288\/revisions"}],"predecessor-version":[{"id":1291,"href":"https:\/\/viswijf.com\/de\/wp-json\/wp\/v2\/pages\/1288\/revisions\/1291"}],"wp:attachment":[{"href":"https:\/\/viswijf.com\/de\/wp-json\/wp\/v2\/media?parent=1288"}],"curies":[{"name":"wp","href":"https:\/\/api.w.org\/{rel}","templated":true}]}}